{"id":1348,"date":"2024-05-15T13:10:12","date_gmt":"2024-05-15T10:10:12","guid":{"rendered":"https:\/\/kadriyekilickesmez.com\/?page_id=1348"},"modified":"2026-04-09T18:35:30","modified_gmt":"2026-04-09T15:35:30","slug":"chi-sono","status":"publish","type":"page","link":"https:\/\/kadriyekilickesmez.com\/it\/chi-sono\/","title":{"rendered":"Chi sono"},"content":{"rendered":"\n\t<section class=\"section\" id=\"section_72841532\">\n\t\t<div class=\"section-bg fill\" >\n\t\t\t<img decoding=\"async\" width=\"1920\" height=\"300\" src=\"https:\/\/kadriyekilickesmez.com\/wp-content\/uploads\/2024\/05\/kadriyekilickesmez_banner.jpg\" class=\"bg attachment-2048x2048 size-2048x2048\" alt=\"\" title=\"\">\t\t\t\t\t\t\n\t\t\t\n\n\t\t<\/div>\n\n\t\t\n\n\t\t<div class=\"section-content relative\">\n\t\t\t\n<div class=\"row\"  id=\"row-1458028761\">\n\n\t<div id=\"col-1497276806\" class=\"col small-12 large-12\"  >\n\t\t\t\t<div class=\"col-inner\"  >\n\t\t\t\n\t\t\t\n  <div id=\"page-header-127012080\" class=\"page-header-wrapper\">\n  <div class=\"page-title dark simple-title\">\n\n    \n    <div class=\"page-title-inner container align-center flex-row medium-flex-wrap\" >\n              <div class=\"title-wrapper is-larger flex-col text-left medium-text-center\">\n          <h1 class=\"entry-title mb-0\">\n            Chi sono          <\/h1>\n        <\/div>\n                    <div class=\"title-content flex-col flex-right text-right medium-text-center\">\n        <div class=\"title-breadcrumbs pb-half pt-half\"><\/div>      <\/div>\n    <\/div>\n\n       <\/div>\n    <\/div>\n  \n\t\t<\/div>\n\t\t\t\t\t<\/div>\n\n\t\n<\/div>\n\t\t<\/div>\n\n\t\t\n<style>\n#section_72841532 {\n  padding-top: 30px;\n  padding-bottom: 30px;\n}\n<\/style>\n\t<\/section>\n\t\n\n\t<section class=\"section\" id=\"section_481977957\">\n\t\t<div class=\"section-bg fill\" >\n\t\t\t\t\t\t\t\t\t\n\t\t\t\n\n\t\t<\/div>\n\n\t\t\n\n\t\t<div class=\"section-content relative\">\n\t\t\t\n<div class=\"row align-middle\"  id=\"row-112396398\">\n\n\t<div id=\"col-786053032\" class=\"col medium-6 small-12 large-6\"  >\n\t\t\t\t<div class=\"col-inner\"  >\n\t\t\t\n\t\t\t\n\t<div class=\"box has-hover   has-hover box-text-bottom\" >\n\n\t\t<div class=\"box-image\" style=\"border-radius:10%;width:80%;\">\n\t\t\t\t\t\t<div class=\"\" >\n\t\t\t\t<img decoding=\"async\" width=\"810\" height=\"1080\" src=\"https:\/\/kadriyekilickesmez.com\/wp-content\/uploads\/2024\/06\/DSC_7286-1.webp\" class=\"attachment-2048x2048 size-2048x2048\" alt=\"\" srcset=\"https:\/\/kadriyekilickesmez.com\/wp-content\/uploads\/2024\/06\/DSC_7286-1.webp 810w, https:\/\/kadriyekilickesmez.com\/wp-content\/uploads\/2024\/06\/DSC_7286-1-300x400.webp 300w, https:\/\/kadriyekilickesmez.com\/wp-content\/uploads\/2024\/06\/DSC_7286-1-768x1024.webp 768w\" sizes=\"(max-width: 810px) 100vw, 810px\" title=\"\">\t\t\t\t\t\t\t\t\t\t\t<\/div>\n\t\t\t\t\t<\/div>\n\n\t\t<div class=\"box-text text-center\" >\n\t\t\t<div class=\"box-text-inner\">\n\t\t\t\t\n\t\t\t<\/div>\n\t\t<\/div>\n\t<\/div>\n\t\n\t\t<\/div>\n\t\t\t\t\t<\/div>\n\n\t\n\n\t<div id=\"col-880027135\" class=\"col medium-6 small-12 large-6 small-col-first\"  >\n\t\t\t\t<div class=\"col-inner\"  >\n\t\t\t\n\t\t\t\n<p><span style=\"font-weight: 400;\">Prof. Dr. Kadriye Orta K\u0131l\u0131\u00e7kesmez \u00e8 una delle figure di spicco nel campo della cardiologia in Turchia. \u00c8 nata il 24 gennaio 1974 a Tekirda\u011f. Dopo aver completato la sua formazione universitaria presso la Facolt\u00e0 di Medicina Cerrahpa\u015fa dell&#8217;Universit\u00e0 di Istanbul, ha scelto la cardiologia come specializzazione e ha ricevuto la sua formazione specialistica presso l&#8217;Istituto di Cardiologia della stessa universit\u00e0.<\/span><\/p>\n<p><span style=\"font-weight: 400;\">Dopo aver lavorato per un breve periodo presso l&#8217;Ospedale Statale di \u00c7orlu e l&#8217;Ospedale di Servizio della Fondazione Turca del Rene, \u00e8 tornata all&#8217;Istituto di Cardiologia dell&#8217;Universit\u00e0 di Istanbul. Kadriye K\u0131l\u0131\u00e7kesmez, che ha proseguito qui la sua carriera accademica, \u00e8 diventata professoressa associata nel 2012. Successivamente, a Londra <\/span><span style=\"font-weight: 400;\">ha lavorato presso il Royal Brompton Hospital su interventi coronarici complessi, imaging intracoronarico CTO e malattie cardiache strutturali, e ha scritto articoli scientifici. Nel 2015, incaricata dall&#8217;universit\u00e0, ha fondato la clinica di cardiologia e il laboratorio di angiografia dello \u015ei\u015fli Etfal. Divenuta professoressa nel 2017, Kadriye K\u0131l\u0131\u00e7kesmez ha fondato nel 2020 la clinica di cardiologia e il laboratorio di angiografia dell&#8217;Ospedale Prof. Dr. Cemil Ta\u015fc\u0131o\u011flu e ha garantito che la clinica diventasse una clinica di formazione.<\/span><\/p>\n<p><span style=\"font-weight: 400;\">K\u0131l\u0131\u00e7kesmez \u00e8 conosciuta per i suoi contributi e successi nei lavori scientifici ed \u00e8 membro di numerose organizzazioni scientifiche nazionali e internazionali. Ha membri attivi in organizzazioni come la Societ\u00e0 Turca di Cardiologia e l&#8217;Associazione Medica Turca. Inoltre, svolge attivit\u00e0 di revisione per riviste internazionali e ha ricoperto il ruolo di vice editore nell&#8217;Archivio della Societ\u00e0 Turca di Cardiologia.<\/span><\/p>\n<p><span style=\"font-weight: 400;\">K\u0131l\u0131\u00e7kesmez, che si distingue anche per i suoi premi e successi, ha vinto due premi per esposizioni di poster scientifici ai Congressi Nazionali di Cardiologia. Inoltre, negli ultimi anni ha svolto un ruolo importante nel campo accademico con i corsi tenuti a livello di laurea e post-laurea. Ha tenuto lezioni su argomenti come stent coronarici riassorbibili, imaging intracoronarico e tecniche di stent per biforcazioni coronariche, guidando gli studenti.<\/span><\/p>\n<p><span style=\"font-weight: 400;\">\u00c8 proctor (formatrice) e consulente per le malattie cardiache strutturali e gli interventi coronarici complessi. Ci\u00f2 significa che fornisce formazione certificata sulle tecniche interventistiche ai cardiologi nel nostro paese e nei paesi vicini. Allo stesso tempo, organizza corsi e workshop sugli interventi coronarici e strutturali per i suoi colleghi sia a livello nazionale che internazionale.<\/span><\/p>\n\t\t<\/div>\n\t\t\t\t\t<\/div>\n\n\t\n\n\t<div id=\"col-924989614\" class=\"col small-12 large-12\"  >\n\t\t\t\t<div class=\"col-inner\"  >\n\t\t\t\n\t\t\t\n<p>K\u0131l\u0131\u00e7kesmez, che si distingue anche per i suoi premi e successi, ha vinto due premi per esposizioni di poster scientifici ai Congressi Nazionali di Cardiologia. Inoltre, negli ultimi anni ha svolto un ruolo importante nel campo accademico con i corsi tenuti a livello di laurea e post-laurea. Ha tenuto lezioni su argomenti come stent coronarici riassorbibili, imaging intracoronarico e tecniche di stent per biforcazioni coronariche, guidando gli studenti.<\/p>\n<p><strong>Appartenenze a organizzazioni scientifiche: <\/strong><\/p>\n<ul>\n<li>Societ\u00e0 Turca di Cardiologia<\/li>\n<li>Associazione Medica Turca<\/li>\n<\/ul>\n<p><strong>Premi:<\/strong><\/p>\n<ul>\n<li>Two Scientific Poster Exhibit Awards in the National Congress of Cardiology 2002-2010<\/li>\n<\/ul>\n\t\t<\/div>\n\t\t\t\t\t<\/div>\n\n\t\n\n\t<div id=\"col-1992944918\" class=\"col medium-4 small-12 large-4\"  >\n\t\t\t\t<div class=\"col-inner\"  >\n\t\t\t\n\t\t\t\n<a class=\"button secondary lowercase expand\" style=\"border-radius:10px;\">\n\t\t<span>Articoli accademici<\/span>\n\t<\/a>\n\n\t\t<\/div>\n\t\t\t\t\t<\/div>\n\n\t\n<\/div>\n\t\t<\/div>\n\n\t\t\n<style>\n#section_481977957 {\n  padding-top: 30px;\n  padding-bottom: 30px;\n}\n<\/style>\n\t<\/section>\n\t\n","protected":false},"excerpt":{"rendered":"","protected":false},"author":1,"featured_media":0,"parent":0,"menu_order":0,"comment_status":"closed","ping_status":"closed","template":"page-blank.php","meta":{"footnotes":""},"class_list":["post-1348","page","type-page","status-publish","hentry"],"_links":{"self":[{"href":"https:\/\/kadriyekilickesmez.com\/it\/wp-json\/wp\/v2\/pages\/1348","targetHints":{"allow":["GET"]}}],"collection":[{"href":"https:\/\/kadriyekilickesmez.com\/it\/wp-json\/wp\/v2\/pages"}],"about":[{"href":"https:\/\/kadriyekilickesmez.com\/it\/wp-json\/wp\/v2\/types\/page"}],"author":[{"embeddable":true,"href":"https:\/\/kadriyekilickesmez.com\/it\/wp-json\/wp\/v2\/users\/1"}],"replies":[{"embeddable":true,"href":"https:\/\/kadriyekilickesmez.com\/it\/wp-json\/wp\/v2\/comments?post=1348"}],"version-history":[{"count":3,"href":"https:\/\/kadriyekilickesmez.com\/it\/wp-json\/wp\/v2\/pages\/1348\/revisions"}],"predecessor-version":[{"id":1351,"href":"https:\/\/kadriyekilickesmez.com\/it\/wp-json\/wp\/v2\/pages\/1348\/revisions\/1351"}],"wp:attachment":[{"href":"https:\/\/kadriyekilickesmez.com\/it\/wp-json\/wp\/v2\/media?parent=1348"}],"curies":[{"name":"wp","href":"https:\/\/api.w.org\/{rel}","templated":true}]}}