{"id":1460,"date":"2024-05-15T14:43:14","date_gmt":"2024-05-15T11:43:14","guid":{"rendered":"https:\/\/kadriyekilickesmez.com\/?page_id=1460"},"modified":"2026-04-10T14:17:05","modified_gmt":"2026-04-10T11:17:05","slug":"traitements","status":"publish","type":"page","link":"https:\/\/kadriyekilickesmez.com\/fr\/traitements\/","title":{"rendered":"Traitements"},"content":{"rendered":"\n\t<section class=\"section\" id=\"section_673061279\">\n\t\t<div class=\"section-bg fill\" >\n\t\t\t<img decoding=\"async\" width=\"1920\" height=\"300\" src=\"https:\/\/kadriyekilickesmez.com\/wp-content\/uploads\/2024\/05\/kadriyekilickesmez_banner.jpg\" class=\"bg attachment-2048x2048 size-2048x2048\" alt=\"\" title=\"\">\t\t\t\t\t\t\n\t\t\t\n\n\t\t<\/div>\n\n\t\t\n\n\t\t<div class=\"section-content relative\">\n\t\t\t\n<div class=\"row\"  id=\"row-1598774123\">\n\n\t<div id=\"col-1897753037\" class=\"col small-12 large-12\"  >\n\t\t\t\t<div class=\"col-inner\"  >\n\t\t\t\n\t\t\t\n  <div id=\"page-header-516086435\" class=\"page-header-wrapper\">\n  <div class=\"page-title dark simple-title\">\n\n    \n    <div class=\"page-title-inner container align-center flex-row medium-flex-wrap\" >\n              <div class=\"title-wrapper is-larger flex-col text-left medium-text-center\">\n          <h1 class=\"entry-title mb-0\">\n            Traitements          <\/h1>\n        <\/div>\n                    <div class=\"title-content flex-col flex-right text-right medium-text-center\">\n        <div class=\"title-breadcrumbs pb-half pt-half\"><\/div>      <\/div>\n    <\/div>\n\n       <\/div>\n    <\/div>\n  \n\t\t<\/div>\n\t\t\t\t\t<\/div>\n\n\t\n<\/div>\n\t\t<\/div>\n\n\t\t\n<style>\n#section_673061279 {\n  padding-top: 30px;\n  padding-bottom: 30px;\n}\n<\/style>\n\t<\/section>\n\t\n\n\t<section class=\"section\" id=\"section_999737108\">\n\t\t<div class=\"section-bg fill\" >\n\t\t\t\t\t\t\t\t\t\n\t\t\t\n\n\t\t<\/div>\n\n\t\t\n\n\t\t<div class=\"section-content relative\">\n\t\t\t\n<div class=\"row\"  id=\"row-1895501613\">\n\n\t<div id=\"col-1461987421\" class=\"col small-12 large-12\"  >\n\t\t\t\t<div class=\"col-inner\"  >\n\t\t\t\n\t\t\t\n\n  \n    <div class=\"row large-columns-3 medium-columns- small-columns-1\" >\n  <div class=\"page-col col\" >\n          <div class=\"col-inner\" >\n          <a class=\"block plain\" href=\"https:\/\/kadriyekilickesmez.com\/fr\/traitements\/implantation-valvulaire-aortique-par-catheter-tavi\/\" title=\"Implantation valvulaire aortique par cath\u00e9ter (TAVI)\" target=\"\">\n            <div class=\"page-box box has-hover box-default\">\n                  <div class=\"box-image\" >\n                      <div class=\"box-image\" >\n                      <img decoding=\"async\" width=\"1081\" height=\"698\" src=\"https:\/\/kadriyekilickesmez.com\/wp-content\/uploads\/2024\/05\/TAVI-Transkateter-Aortik-Kapak-Implantasyonu.jpg\" class=\"attachment-2048x2048 size-2048x2048\" alt=\"\" srcset=\"https:\/\/kadriyekilickesmez.com\/wp-content\/uploads\/2024\/05\/TAVI-Transkateter-Aortik-Kapak-Implantasyonu.jpg 1081w, https:\/\/kadriyekilickesmez.com\/wp-content\/uploads\/2024\/05\/TAVI-Transkateter-Aortik-Kapak-Implantasyonu-619x400.jpg 619w, https:\/\/kadriyekilickesmez.com\/wp-content\/uploads\/2024\/05\/TAVI-Transkateter-Aortik-Kapak-Implantasyonu-768x496.jpg 768w\" sizes=\"(max-width: 1081px) 100vw, 1081px\" title=\"\">                      <\/div>\n                                                              <\/div>\n                  <div class=\"box-text text-center is-large dark\" style=\"background-color:rgb(152, 82, 249);\">\n                        <div class=\"box-text-inner\">\n                            <p>Implantation valvulaire aortique par cath\u00e9ter (TAVI)<\/p>\n                        <\/div>\n                  <\/div>\n              <\/div>\n            <\/a>\n            <\/div>\n          <\/div><div class=\"page-col col\" >\n          <div class=\"col-inner\" >\n          <a class=\"block plain\" href=\"https:\/\/kadriyekilickesmez.com\/fr\/traitements\/mitraclip-reparation-de-linsuffisance-de-la-valve-mitrale-sans-chirurgie\/\" title=\"M\u0130TRACLIP (R\u00e9paration de l\u2019insuffisance de la valve mitrale sans chirurgie)\" target=\"\">\n            <div class=\"page-box box has-hover box-default\">\n                  <div class=\"box-image\" >\n                      <div class=\"box-image\" >\n                      <img decoding=\"async\" width=\"1081\" height=\"698\" src=\"https:\/\/kadriyekilickesmez.com\/wp-content\/uploads\/2024\/07\/Mitraclip-Ameliyatsiz-Mitral-Kapak-Yetmezligi-Tamiri_.jpg\" class=\"attachment-2048x2048 size-2048x2048\" alt=\"\" srcset=\"https:\/\/kadriyekilickesmez.com\/wp-content\/uploads\/2024\/07\/Mitraclip-Ameliyatsiz-Mitral-Kapak-Yetmezligi-Tamiri_.jpg 1081w, https:\/\/kadriyekilickesmez.com\/wp-content\/uploads\/2024\/07\/Mitraclip-Ameliyatsiz-Mitral-Kapak-Yetmezligi-Tamiri_-619x400.jpg 619w, https:\/\/kadriyekilickesmez.com\/wp-content\/uploads\/2024\/07\/Mitraclip-Ameliyatsiz-Mitral-Kapak-Yetmezligi-Tamiri_-768x496.jpg 768w\" sizes=\"(max-width: 1081px) 100vw, 1081px\" title=\"\">                      <\/div>\n                                                              <\/div>\n                  <div class=\"box-text text-center is-large dark\" style=\"background-color:rgb(152, 82, 249);\">\n                        <div class=\"box-text-inner\">\n                            <p>M\u0130TRACLIP (R\u00e9paration de l\u2019insuffisance de la valve mitrale sans chirurgie)<\/p>\n                        <\/div>\n                  <\/div>\n              <\/div>\n            <\/a>\n            <\/div>\n          <\/div><div class=\"page-col col\" >\n          <div class=\"col-inner\" >\n          <a class=\"block plain\" href=\"https:\/\/kadriyekilickesmez.com\/fr\/traitements\/triclip-traitement-de-linsuffisance-de-la-valve-tricuspide-sans-chirurgie\/\" title=\"TriClip (Traitement de l\u2019insuffisance de la valve tricuspide sans chirurgie)\" target=\"\">\n            <div class=\"page-box box has-hover box-default\">\n                  <div class=\"box-image\" >\n                      <div class=\"box-image\" >\n                      <img decoding=\"async\" width=\"1081\" height=\"698\" src=\"https:\/\/kadriyekilickesmez.com\/wp-content\/uploads\/2026\/01\/TriClip-Ameliyatsiz-Trikuspit-Kapak-Yetmezligi-Tedavisi_.jpg.jpeg\" class=\"attachment-2048x2048 size-2048x2048\" alt=\"\" srcset=\"https:\/\/kadriyekilickesmez.com\/wp-content\/uploads\/2026\/01\/TriClip-Ameliyatsiz-Trikuspit-Kapak-Yetmezligi-Tedavisi_.jpg.jpeg 1081w, https:\/\/kadriyekilickesmez.com\/wp-content\/uploads\/2026\/01\/TriClip-Ameliyatsiz-Trikuspit-Kapak-Yetmezligi-Tedavisi_.jpg-619x400.jpeg 619w, https:\/\/kadriyekilickesmez.com\/wp-content\/uploads\/2026\/01\/TriClip-Ameliyatsiz-Trikuspit-Kapak-Yetmezligi-Tedavisi_.jpg-768x496.jpeg 768w\" sizes=\"(max-width: 1081px) 100vw, 1081px\" title=\"\">                      <\/div>\n                                                              <\/div>\n                  <div class=\"box-text text-center is-large dark\" style=\"background-color:rgb(152, 82, 249);\">\n                        <div class=\"box-text-inner\">\n                            <p>TriClip (Traitement de l\u2019insuffisance de la valve tricuspide sans chirurgie)<\/p>\n                        <\/div>\n                  <\/div>\n              <\/div>\n            <\/a>\n            <\/div>\n          <\/div><div class=\"page-col col\" >\n          <div class=\"col-inner\" >\n          <a class=\"block plain\" href=\"https:\/\/kadriyekilickesmez.com\/fr\/traitements\/ablation-septale-alcoolique\/\" title=\"Ablation septale alcoolique\" target=\"\">\n            <div class=\"page-box box has-hover box-default\">\n                  <div class=\"box-image\" >\n                      <div class=\"box-image\" >\n                      <img decoding=\"async\" width=\"1081\" height=\"698\" src=\"https:\/\/kadriyekilickesmez.com\/wp-content\/uploads\/2024\/05\/Alkol-Septal-Ablasyon.jpg\" class=\"attachment-2048x2048 size-2048x2048\" alt=\"\" srcset=\"https:\/\/kadriyekilickesmez.com\/wp-content\/uploads\/2024\/05\/Alkol-Septal-Ablasyon.jpg 1081w, https:\/\/kadriyekilickesmez.com\/wp-content\/uploads\/2024\/05\/Alkol-Septal-Ablasyon-619x400.jpg 619w, https:\/\/kadriyekilickesmez.com\/wp-content\/uploads\/2024\/05\/Alkol-Septal-Ablasyon-768x496.jpg 768w\" sizes=\"(max-width: 1081px) 100vw, 1081px\" title=\"\">                      <\/div>\n                                                              <\/div>\n                  <div class=\"box-text text-center is-large dark\" style=\"background-color:rgb(152, 82, 249);\">\n                        <div class=\"box-text-inner\">\n                            <p>Ablation septale alcoolique<\/p>\n                        <\/div>\n                  <\/div>\n              <\/div>\n            <\/a>\n            <\/div>\n          <\/div><div class=\"page-col col\" >\n          <div class=\"col-inner\" >\n          <a class=\"block plain\" href=\"https:\/\/kadriyekilickesmez.com\/fr\/traitements\/traitement-du-foramen-ovale-permeable-pfo\/\" title=\"Traitement du foramen ovale perm\u00e9able (PFO)\" target=\"\">\n            <div class=\"page-box box has-hover box-default\">\n                  <div class=\"box-image\" >\n                      <div class=\"box-image\" >\n                      <img decoding=\"async\" width=\"1081\" height=\"698\" src=\"https:\/\/kadriyekilickesmez.com\/wp-content\/uploads\/2024\/05\/Patent-Foramen-Ovale-PFO-Nedir_-Tedavisi-Nasildir_.jpg\" class=\"attachment-2048x2048 size-2048x2048\" alt=\"\" srcset=\"https:\/\/kadriyekilickesmez.com\/wp-content\/uploads\/2024\/05\/Patent-Foramen-Ovale-PFO-Nedir_-Tedavisi-Nasildir_.jpg 1081w, https:\/\/kadriyekilickesmez.com\/wp-content\/uploads\/2024\/05\/Patent-Foramen-Ovale-PFO-Nedir_-Tedavisi-Nasildir_-619x400.jpg 619w, https:\/\/kadriyekilickesmez.com\/wp-content\/uploads\/2024\/05\/Patent-Foramen-Ovale-PFO-Nedir_-Tedavisi-Nasildir_-768x496.jpg 768w\" sizes=\"(max-width: 1081px) 100vw, 1081px\" title=\"\">                      <\/div>\n                                                              <\/div>\n                  <div class=\"box-text text-center is-large dark\" style=\"background-color:rgb(152, 82, 249);\">\n                        <div class=\"box-text-inner\">\n                            <p>Traitement du foramen ovale perm\u00e9able (PFO)<\/p>\n                        <\/div>\n                  <\/div>\n              <\/div>\n            <\/a>\n            <\/div>\n          <\/div><div class=\"page-col col\" >\n          <div class=\"col-inner\" >\n          <a class=\"block plain\" href=\"https:\/\/kadriyekilickesmez.com\/fr\/traitements\/traitement-interventionnel-par-ballon-et-stent-de-la-maladie-arterielle-peripherique\/\" title=\"Traitement interventionnel (par ballon et stent) de la maladie art\u00e9rielle p\u00e9riph\u00e9rique\" target=\"\">\n            <div class=\"page-box box has-hover box-default\">\n                  <div class=\"box-image\" >\n                      <div class=\"box-image\" >\n                      <img decoding=\"async\" width=\"1081\" height=\"698\" src=\"https:\/\/kadriyekilickesmez.com\/wp-content\/uploads\/2024\/05\/Periferik-Damar-Hastaligi-Nedir_-Belirtileri-Nelerdir-_.jpg\" class=\"attachment-2048x2048 size-2048x2048\" alt=\"\" srcset=\"https:\/\/kadriyekilickesmez.com\/wp-content\/uploads\/2024\/05\/Periferik-Damar-Hastaligi-Nedir_-Belirtileri-Nelerdir-_.jpg 1081w, https:\/\/kadriyekilickesmez.com\/wp-content\/uploads\/2024\/05\/Periferik-Damar-Hastaligi-Nedir_-Belirtileri-Nelerdir-_-619x400.jpg 619w, https:\/\/kadriyekilickesmez.com\/wp-content\/uploads\/2024\/05\/Periferik-Damar-Hastaligi-Nedir_-Belirtileri-Nelerdir-_-768x496.jpg 768w\" sizes=\"(max-width: 1081px) 100vw, 1081px\" title=\"\">                      <\/div>\n                                                              <\/div>\n                  <div class=\"box-text text-center is-large dark\" style=\"background-color:rgb(152, 82, 249);\">\n                        <div class=\"box-text-inner\">\n                            <p>Traitement interventionnel (par ballon et stent) de la maladie art\u00e9rielle p\u00e9riph\u00e9rique<\/p>\n                        <\/div>\n                  <\/div>\n              <\/div>\n            <\/a>\n            <\/div>\n          <\/div><div class=\"page-col col\" >\n          <div class=\"col-inner\" >\n          <a class=\"block plain\" href=\"https:\/\/kadriyekilickesmez.com\/fr\/traitements\/fermeture-de-lasd-sans-chirurgie\/\" title=\"Fermeture de l\u2019ASD sans chirurgie\" target=\"\">\n            <div class=\"page-box box has-hover box-default\">\n                  <div class=\"box-image\" >\n                      <div class=\"box-image\" >\n                      <img decoding=\"async\" width=\"1081\" height=\"698\" src=\"https:\/\/kadriyekilickesmez.com\/wp-content\/uploads\/2024\/05\/Ameliyatsiz-ASD-Kapatma.jpg\" class=\"attachment-2048x2048 size-2048x2048\" alt=\"\" srcset=\"https:\/\/kadriyekilickesmez.com\/wp-content\/uploads\/2024\/05\/Ameliyatsiz-ASD-Kapatma.jpg 1081w, https:\/\/kadriyekilickesmez.com\/wp-content\/uploads\/2024\/05\/Ameliyatsiz-ASD-Kapatma-619x400.jpg 619w, https:\/\/kadriyekilickesmez.com\/wp-content\/uploads\/2024\/05\/Ameliyatsiz-ASD-Kapatma-768x496.jpg 768w\" sizes=\"(max-width: 1081px) 100vw, 1081px\" title=\"\">                      <\/div>\n                                                              <\/div>\n                  <div class=\"box-text text-center is-large dark\" style=\"background-color:rgb(152, 82, 249);\">\n                        <div class=\"box-text-inner\">\n                            <p>Fermeture de l\u2019ASD sans chirurgie<\/p>\n                        <\/div>\n                  <\/div>\n              <\/div>\n            <\/a>\n            <\/div>\n          <\/div><div class=\"page-col col\" >\n          <div class=\"col-inner\" >\n          <a class=\"block plain\" href=\"https:\/\/kadriyekilickesmez.com\/fr\/traitements\/traitement-de-locclusion-totale-chronique-cto\/\" title=\"Traitement de l\u2019occlusion totale chronique (CTO)\" target=\"\">\n            <div class=\"page-box box has-hover box-default\">\n                  <div class=\"box-image\" >\n                      <div class=\"box-image\" >\n                      <img decoding=\"async\" width=\"1081\" height=\"698\" src=\"https:\/\/kadriyekilickesmez.com\/wp-content\/uploads\/2024\/05\/Kronik-Total-Okluzyon-CTO.jpg\" class=\"attachment-2048x2048 size-2048x2048\" alt=\"\" srcset=\"https:\/\/kadriyekilickesmez.com\/wp-content\/uploads\/2024\/05\/Kronik-Total-Okluzyon-CTO.jpg 1081w, https:\/\/kadriyekilickesmez.com\/wp-content\/uploads\/2024\/05\/Kronik-Total-Okluzyon-CTO-619x400.jpg 619w, https:\/\/kadriyekilickesmez.com\/wp-content\/uploads\/2024\/05\/Kronik-Total-Okluzyon-CTO-768x496.jpg 768w\" sizes=\"(max-width: 1081px) 100vw, 1081px\" title=\"\">                      <\/div>\n                                                              <\/div>\n                  <div class=\"box-text text-center is-large dark\" style=\"background-color:rgb(152, 82, 249);\">\n                        <div class=\"box-text-inner\">\n                            <p>Traitement de l\u2019occlusion totale chronique (CTO)<\/p>\n                        <\/div>\n                  <\/div>\n              <\/div>\n            <\/a>\n            <\/div>\n          <\/div><div class=\"page-col col\" >\n          <div class=\"col-inner\" >\n          <a class=\"block plain\" href=\"https:\/\/kadriyekilickesmez.com\/fr\/traitements\/angiographie\/\" title=\"Angiographie\" target=\"\">\n            <div class=\"page-box box has-hover box-default\">\n                  <div class=\"box-image\" >\n                      <div class=\"box-image\" >\n                      <img decoding=\"async\" width=\"1081\" height=\"698\" src=\"https:\/\/kadriyekilickesmez.com\/wp-content\/uploads\/2024\/05\/El-Bileginden-Anjiyo-Radial-Anjiyografi.jpg\" class=\"attachment-2048x2048 size-2048x2048\" alt=\"\" srcset=\"https:\/\/kadriyekilickesmez.com\/wp-content\/uploads\/2024\/05\/El-Bileginden-Anjiyo-Radial-Anjiyografi.jpg 1081w, https:\/\/kadriyekilickesmez.com\/wp-content\/uploads\/2024\/05\/El-Bileginden-Anjiyo-Radial-Anjiyografi-619x400.jpg 619w, https:\/\/kadriyekilickesmez.com\/wp-content\/uploads\/2024\/05\/El-Bileginden-Anjiyo-Radial-Anjiyografi-768x496.jpg 768w\" sizes=\"(max-width: 1081px) 100vw, 1081px\" title=\"\">                      <\/div>\n                                                              <\/div>\n                  <div class=\"box-text text-center is-large dark\" style=\"background-color:rgb(152, 82, 249);\">\n                        <div class=\"box-text-inner\">\n                            <p>Angiographie<\/p>\n                        <\/div>\n                  <\/div>\n              <\/div>\n            <\/a>\n            <\/div>\n          <\/div><div class=\"page-col col\" >\n          <div class=\"col-inner\" >\n          <a class=\"block plain\" href=\"https:\/\/kadriyekilickesmez.com\/fr\/traitements\/traitement-de-la-maladie-vasculaire-peripherique\/\" title=\"Traitement de la maladie vasculaire p\u00e9riph\u00e9rique\" target=\"\">\n            <div class=\"page-box box has-hover box-default\">\n                  <div class=\"box-image\" >\n                      <div class=\"box-image\" >\n                      <img decoding=\"async\" width=\"1081\" height=\"698\" src=\"https:\/\/kadriyekilickesmez.com\/wp-content\/uploads\/2024\/05\/Periferik-Damar-Hastaligi-Nedir_-Belirtileri-Nelerdir-_.jpg\" class=\"attachment-2048x2048 size-2048x2048\" alt=\"\" srcset=\"https:\/\/kadriyekilickesmez.com\/wp-content\/uploads\/2024\/05\/Periferik-Damar-Hastaligi-Nedir_-Belirtileri-Nelerdir-_.jpg 1081w, https:\/\/kadriyekilickesmez.com\/wp-content\/uploads\/2024\/05\/Periferik-Damar-Hastaligi-Nedir_-Belirtileri-Nelerdir-_-619x400.jpg 619w, https:\/\/kadriyekilickesmez.com\/wp-content\/uploads\/2024\/05\/Periferik-Damar-Hastaligi-Nedir_-Belirtileri-Nelerdir-_-768x496.jpg 768w\" sizes=\"(max-width: 1081px) 100vw, 1081px\" title=\"\">                      <\/div>\n                                                              <\/div>\n                  <div class=\"box-text text-center is-large dark\" style=\"background-color:rgb(152, 82, 249);\">\n                        <div class=\"box-text-inner\">\n                            <p>Traitement de la maladie vasculaire p\u00e9riph\u00e9rique<\/p>\n                        <\/div>\n                  <\/div>\n              <\/div>\n            <\/a>\n            <\/div>\n          <\/div><div class=\"page-col col\" >\n          <div class=\"col-inner\" >\n          <a class=\"block plain\" href=\"https:\/\/kadriyekilickesmez.com\/fr\/traitements\/maladie-de-lartere-carotide\/\" title=\"Maladie de l\u2019art\u00e8re carotide\" target=\"\">\n            <div class=\"page-box box has-hover box-default\">\n                  <div class=\"box-image\" >\n                      <div class=\"box-image\" >\n                      <img decoding=\"async\" width=\"1081\" height=\"698\" src=\"https:\/\/kadriyekilickesmez.com\/wp-content\/uploads\/2024\/05\/Karotis-Arter-Sah-Damari-Hastaligi.jpg\" class=\"attachment-2048x2048 size-2048x2048\" alt=\"\" srcset=\"https:\/\/kadriyekilickesmez.com\/wp-content\/uploads\/2024\/05\/Karotis-Arter-Sah-Damari-Hastaligi.jpg 1081w, https:\/\/kadriyekilickesmez.com\/wp-content\/uploads\/2024\/05\/Karotis-Arter-Sah-Damari-Hastaligi-619x400.jpg 619w, https:\/\/kadriyekilickesmez.com\/wp-content\/uploads\/2024\/05\/Karotis-Arter-Sah-Damari-Hastaligi-768x496.jpg 768w\" sizes=\"(max-width: 1081px) 100vw, 1081px\" title=\"\">                      <\/div>\n                                                              <\/div>\n                  <div class=\"box-text text-center is-large dark\" style=\"background-color:rgb(152, 82, 249);\">\n                        <div class=\"box-text-inner\">\n                            <p>Maladie de l\u2019art\u00e8re carotide<\/p>\n                        <\/div>\n                  <\/div>\n              <\/div>\n            <\/a>\n            <\/div>\n          <\/div><\/div>\n\t\t<\/div>\n\t\t\t\t\t<\/div>\n\n\t\n<\/div>\n\t\t<\/div>\n\n\t\t\n<style>\n#section_999737108 {\n  padding-top: 50px;\n  padding-bottom: 50px;\n}\n<\/style>\n\t<\/section>\n\t\n","protected":false},"excerpt":{"rendered":"","protected":false},"author":1,"featured_media":0,"parent":0,"menu_order":0,"comment_status":"closed","ping_status":"closed","template":"page-blank.php","meta":{"footnotes":""},"class_list":["post-1460","page","type-page","status-publish","hentry"],"_links":{"self":[{"href":"https:\/\/kadriyekilickesmez.com\/fr\/wp-json\/wp\/v2\/pages\/1460","targetHints":{"allow":["GET"]}}],"collection":[{"href":"https:\/\/kadriyekilickesmez.com\/fr\/wp-json\/wp\/v2\/pages"}],"about":[{"href":"https:\/\/kadriyekilickesmez.com\/fr\/wp-json\/wp\/v2\/types\/page"}],"author":[{"embeddable":true,"href":"https:\/\/kadriyekilickesmez.com\/fr\/wp-json\/wp\/v2\/users\/1"}],"replies":[{"embeddable":true,"href":"https:\/\/kadriyekilickesmez.com\/fr\/wp-json\/wp\/v2\/comments?post=1460"}],"version-history":[{"count":2,"href":"https:\/\/kadriyekilickesmez.com\/fr\/wp-json\/wp\/v2\/pages\/1460\/revisions"}],"predecessor-version":[{"id":1480,"href":"https:\/\/kadriyekilickesmez.com\/fr\/wp-json\/wp\/v2\/pages\/1460\/revisions\/1480"}],"wp:attachment":[{"href":"https:\/\/kadriyekilickesmez.com\/fr\/wp-json\/wp\/v2\/media?parent=1460"}],"curies":[{"name":"wp","href":"https:\/\/api.w.org\/{rel}","templated":true}]}}