{"id":1443,"date":"2024-07-22T20:48:57","date_gmt":"2024-07-22T17:48:57","guid":{"rendered":"https:\/\/kadriyekilickesmez.com\/?page_id=1443"},"modified":"2026-04-10T14:11:05","modified_gmt":"2026-04-10T11:11:05","slug":"vos-retours","status":"publish","type":"page","link":"https:\/\/kadriyekilickesmez.com\/fr\/vos-retours\/","title":{"rendered":"Vos retours"},"content":{"rendered":"\n\t<section class=\"section\" id=\"section_1160173965\">\n\t\t<div class=\"section-bg fill\" >\n\t\t\t<img decoding=\"async\" width=\"1920\" height=\"300\" src=\"https:\/\/kadriyekilickesmez.com\/wp-content\/uploads\/2024\/05\/kadriyekilickesmez_banner.jpg\" class=\"bg attachment-2048x2048 size-2048x2048\" alt=\"\" title=\"\">\t\t\t\t\t\t\n\t\t\t\n\n\t\t<\/div>\n\n\t\t\n\n\t\t<div class=\"section-content relative\">\n\t\t\t\n<div class=\"row\"  id=\"row-532263248\">\n\n\t<div id=\"col-834603464\" class=\"col small-12 large-12\"  >\n\t\t\t\t<div class=\"col-inner\"  >\n\t\t\t\n\t\t\t\n  <div id=\"page-header-1925465420\" class=\"page-header-wrapper\">\n  <div class=\"page-title dark simple-title\">\n\n    \n    <div class=\"page-title-inner container align-center flex-row medium-flex-wrap\" >\n              <div class=\"title-wrapper is-larger flex-col text-left medium-text-center\">\n          <h1 class=\"entry-title mb-0\">\n            Vos retours          <\/h1>\n        <\/div>\n                    <div class=\"title-content flex-col flex-right text-right medium-text-center\">\n        <div class=\"title-breadcrumbs pb-half pt-half\"><\/div>      <\/div>\n    <\/div>\n\n       <\/div>\n    <\/div>\n  \n\t\t<\/div>\n\t\t\t\t\t<\/div>\n\n\t\n<\/div>\n\t\t<\/div>\n\n\t\t\n<style>\n#section_1160173965 {\n  padding-top: 30px;\n  padding-bottom: 30px;\n}\n<\/style>\n\t<\/section>\n\t\n\n\t<section class=\"section\" id=\"section_762778228\">\n\t\t<div class=\"section-bg fill\" >\n\t\t\t\t\t\t\t\t\t\n\t\t\t\n\n\t\t<\/div>\n\n\t\t\n\n\t\t<div class=\"section-content relative\">\n\t\t\t\n<div class=\"row align-equal row-box-shadow-3 row-box-shadow-4-hover\"  id=\"row-1109629932\">\n\n\t<div id=\"col-1950177904\" class=\"col medium-3 small-12 large-3\"  >\n\t\t\t\t<div class=\"col-inner\"  >\n\t\t\t\n\t\t\t\n  <div class=\"icon-box testimonial-box icon-box-center yorum-alani text-center\">\n                <div class=\"icon-box-img testimonial-image circle\" style=\"width: 175px\">\n                      <\/div>\n                <div class=\"icon-box-text p-last-0\">\n          <div class=\"star-rating\" role=\"img\" aria-label=\"Rated 5 out of 5\"><span style=\"width:100%\"><strong class=\"rating\"><\/strong><\/span><\/div>  \t\t\t\t<div class=\"testimonial-text line-height-small italic test_text first-reset last-reset is-italic\">\n            \n          <\/div>\n          <div class=\"testimonial-meta pt-half\">\n             <strong class=\"testimonial-name test_name\"><\/strong>\n                          <span class=\"testimonial-company test_company\"><\/span>\n          <\/div>\n        <\/div>\n  <\/div>\n\n  \n\t<div id=\"gap-1507340326\" class=\"gap-element clearfix\" style=\"display:block; height:auto;\">\n\t\t\n<style>\n#gap-1507340326 {\n  padding-top: 30px;\n}\n<\/style>\n\t<\/div>\n\t\n<p>Ahhh ne le savons-nous pas, moi aussi j\u2019ai eu un pontage de 5 vaisseaux, c\u2019est risqu\u00e9, elle m\u2019a redonn\u00e9 la vie, nous lui sommes reconnaissants, je suis r\u00e9sident de la maison de retraite de la caisse de retraite \u00e0 Etiler, les r\u00e9sidents ici le savent, que Dieu soit avec elle<\/p>\n\t\t<\/div>\n\t\t\t\t\t<\/div>\n\n\t\n\n\t<div id=\"col-1030985587\" class=\"col medium-3 small-12 large-3\"  >\n\t\t\t\t<div class=\"col-inner\"  >\n\t\t\t\n\t\t\t\n  <div class=\"icon-box testimonial-box icon-box-center yorum-alani text-center\">\n                <div class=\"icon-box-img testimonial-image circle\" style=\"width: 175px\">\n                      <\/div>\n                <div class=\"icon-box-text p-last-0\">\n          <div class=\"star-rating\" role=\"img\" aria-label=\"Rated 5 out of 5\"><span style=\"width:100%\"><strong class=\"rating\"><\/strong><\/span><\/div>  \t\t\t\t<div class=\"testimonial-text line-height-small italic test_text first-reset last-reset is-italic\">\n            \n          <\/div>\n          <div class=\"testimonial-meta pt-half\">\n             <strong class=\"testimonial-name test_name\"><\/strong>\n                          <span class=\"testimonial-company test_company\"><\/span>\n          <\/div>\n        <\/div>\n  <\/div>\n\n  \n\t<div id=\"gap-1808070002\" class=\"gap-element clearfix\" style=\"display:block; height:auto;\">\n\t\t\n<style>\n#gap-1808070002 {\n  padding-top: 30px;\n}\n<\/style>\n\t<\/div>\n\t\n<p>Vous avez appliqu\u00e9 la m\u00eame proc\u00e9dure \u00e0 mon \u00e9pouse il y a deux ans, nous vous en sommes reconnaissants, vous \u00eates toujours dans nos pri\u00e8res, heureusement que vous existez \ud83d\udcaa\ud83e\udd32merci infiniment, respectueusement<\/p>\n\t\t<\/div>\n\t\t\t\t\t<\/div>\n\n\t\n\n\t<div id=\"col-1205065232\" class=\"col medium-3 small-12 large-3\"  >\n\t\t\t\t<div class=\"col-inner\"  >\n\t\t\t\n\t\t\t\n  <div class=\"icon-box testimonial-box icon-box-center yorum-alani text-center\">\n                <div class=\"icon-box-img testimonial-image circle\" style=\"width: 175px\">\n                      <\/div>\n                <div class=\"icon-box-text p-last-0\">\n          <div class=\"star-rating\" role=\"img\" aria-label=\"Rated 5 out of 5\"><span style=\"width:100%\"><strong class=\"rating\"><\/strong><\/span><\/div>  \t\t\t\t<div class=\"testimonial-text line-height-small italic test_text first-reset last-reset is-italic\">\n            \n          <\/div>\n          <div class=\"testimonial-meta pt-half\">\n             <strong class=\"testimonial-name test_name\"><\/strong>\n                          <span class=\"testimonial-company test_company\"><\/span>\n          <\/div>\n        <\/div>\n  <\/div>\n\n  \n\t<div id=\"gap-214595808\" class=\"gap-element clearfix\" style=\"display:block; height:auto;\">\n\t\t\n<style>\n#gap-214595808 {\n  padding-top: 30px;\n}\n<\/style>\n\t<\/div>\n\t\n<p>Tr\u00e8s bonne personne et tr\u00e8s bon professeur, elle est intervenue sur mes art\u00e8res cardiaques et celles de mes jambes \u00e0 Okmeydan\u0131, je lui suis reconnaissant<\/p>\n\t\t<\/div>\n\t\t\t\t\t<\/div>\n\n\t\n\n\t<div id=\"col-1228701936\" class=\"col medium-3 small-12 large-3\"  >\n\t\t\t\t<div class=\"col-inner\"  >\n\t\t\t\n\t\t\t\n  <div class=\"icon-box testimonial-box icon-box-center yorum-alani text-center\">\n                <div class=\"icon-box-img testimonial-image circle\" style=\"width: 175px\">\n                      <\/div>\n                <div class=\"icon-box-text p-last-0\">\n          <div class=\"star-rating\" role=\"img\" aria-label=\"Rated 5 out of 5\"><span style=\"width:100%\"><strong class=\"rating\"><\/strong><\/span><\/div>  \t\t\t\t<div class=\"testimonial-text line-height-small italic test_text first-reset last-reset is-italic\">\n            \n          <\/div>\n          <div class=\"testimonial-meta pt-half\">\n             <strong class=\"testimonial-name test_name\"><\/strong>\n                          <span class=\"testimonial-company test_company\"><\/span>\n          <\/div>\n        <\/div>\n  <\/div>\n\n  \n\t<div id=\"gap-182594535\" class=\"gap-element clearfix\" style=\"display:block; height:auto;\">\n\t\t\n<style>\n#gap-182594535 {\n  padding-top: 30px;\n}\n<\/style>\n\t<\/div>\n\t\n<p>Avec la m\u00e9thode que vous avez utilis\u00e9e, vous m\u2019avez donn\u00e9 la vie, je vous en suis reconnaissant, merci pour vos mains, que votre chemin soit ouvert, je vous suis reconnaissant professeur \u2764\ufe0f\u2764\ufe0f<\/p>\n\t\t<\/div>\n\t\t\t\t\t<\/div>\n\n\t\n\n\t<div id=\"col-578549735\" class=\"col medium-3 small-12 large-3\"  >\n\t\t\t\t<div class=\"col-inner\"  >\n\t\t\t\n\t\t\t\n  <div class=\"icon-box testimonial-box icon-box-center yorum-alani text-center\">\n                <div class=\"icon-box-img testimonial-image circle\" style=\"width: 175px\">\n                      <\/div>\n                <div class=\"icon-box-text p-last-0\">\n          <div class=\"star-rating\" role=\"img\" aria-label=\"Rated 5 out of 5\"><span style=\"width:100%\"><strong class=\"rating\"><\/strong><\/span><\/div>  \t\t\t\t<div class=\"testimonial-text line-height-small italic test_text first-reset last-reset is-italic\">\n            \n          <\/div>\n          <div class=\"testimonial-meta pt-half\">\n             <strong class=\"testimonial-name test_name\"><\/strong>\n                          <span class=\"testimonial-company test_company\"><\/span>\n          <\/div>\n        <\/div>\n  <\/div>\n\n  \n\t<div id=\"gap-1192175197\" class=\"gap-element clearfix\" style=\"display:block; height:auto;\">\n\t\t\n<style>\n#gap-1192175197 {\n  padding-top: 30px;\n}\n<\/style>\n\t<\/div>\n\t\n<p>Professeur, heureusement que vous existez, que Dieu vous b\u00e9nisse, merci pour vos mains, gr\u00e2ce \u00e0 vous je vais tr\u00e8s bien, je vous souhaite du succ\u00e8s, une vie saine, heureuse et b\u00e9nie<\/p>\n\t\t<\/div>\n\t\t\t\t\t<\/div>\n\n\t\n\n\t<div id=\"col-360696760\" class=\"col medium-3 small-12 large-3\"  >\n\t\t\t\t<div class=\"col-inner\"  >\n\t\t\t\n\t\t\t\n  <div class=\"icon-box testimonial-box icon-box-center yorum-alani text-center\">\n                <div class=\"icon-box-img testimonial-image circle\" style=\"width: 175px\">\n                      <\/div>\n                <div class=\"icon-box-text p-last-0\">\n          <div class=\"star-rating\" role=\"img\" aria-label=\"Rated 5 out of 5\"><span style=\"width:100%\"><strong class=\"rating\"><\/strong><\/span><\/div>  \t\t\t\t<div class=\"testimonial-text line-height-small italic test_text first-reset last-reset is-italic\">\n            \n          <\/div>\n          <div class=\"testimonial-meta pt-half\">\n             <strong class=\"testimonial-name test_name\"><\/strong>\n                          <span class=\"testimonial-company test_company\"><\/span>\n          <\/div>\n        <\/div>\n  <\/div>\n\n  \n\t<div id=\"gap-2126214697\" class=\"gap-element clearfix\" style=\"display:block; height:auto;\">\n\t\t\n<style>\n#gap-2126214697 {\n  padding-top: 30px;\n}\n<\/style>\n\t<\/div>\n\t\n<p>Elle a op\u00e9r\u00e9 mon \u00e9pouse avec cette m\u00e9thode. Tout s\u2019est pass\u00e9 exactement comme elle l\u2019avait expliqu\u00e9. Nous sommes tr\u00e8s satisfaits. Que Dieu vous b\u00e9nisse. Que votre chemin soit ouvert.<\/p>\n\t\t<\/div>\n\t\t\t\t\t<\/div>\n\n\t\n\n\t<div id=\"col-1892696944\" class=\"col medium-3 small-12 large-3\"  >\n\t\t\t\t<div class=\"col-inner\"  >\n\t\t\t\n\t\t\t\n  <div class=\"icon-box testimonial-box icon-box-center yorum-alani text-center\">\n                <div class=\"icon-box-img testimonial-image circle\" style=\"width: 175px\">\n                      <\/div>\n                <div class=\"icon-box-text p-last-0\">\n          <div class=\"star-rating\" role=\"img\" aria-label=\"Rated 5 out of 5\"><span style=\"width:100%\"><strong class=\"rating\"><\/strong><\/span><\/div>  \t\t\t\t<div class=\"testimonial-text line-height-small italic test_text first-reset last-reset is-italic\">\n            \n          <\/div>\n          <div class=\"testimonial-meta pt-half\">\n             <strong class=\"testimonial-name test_name\"><\/strong>\n                          <span class=\"testimonial-company test_company\"><\/span>\n          <\/div>\n        <\/div>\n  <\/div>\n\n  \n\t<div id=\"gap-753653971\" class=\"gap-element clearfix\" style=\"display:block; height:auto;\">\n\t\t\n<style>\n#gap-753653971 {\n  padding-top: 30px;\n}\n<\/style>\n\t<\/div>\n\t\n<p>Professeur, je vous suis reconnaissant, vous avez ouvert mon vaisseau compl\u00e8tement obstru\u00e9, gr\u00e2ce \u00e0 vous j\u2019ai retrouv\u00e9 la sant\u00e9 \ud83d\udc90\ud83d\ude4f\ud83c\udffb\ud83e\uddff<\/p>\n\t\t<\/div>\n\t\t\t\t\t<\/div>\n\n\t\n\n\t<div id=\"col-1155011921\" class=\"col medium-3 small-12 large-3\"  >\n\t\t\t\t<div class=\"col-inner\"  >\n\t\t\t\n\t\t\t\n  <div class=\"icon-box testimonial-box icon-box-center yorum-alani text-center\">\n                <div class=\"icon-box-img testimonial-image circle\" style=\"width: 175px\">\n                      <\/div>\n                <div class=\"icon-box-text p-last-0\">\n          <div class=\"star-rating\" role=\"img\" aria-label=\"Rated 5 out of 5\"><span style=\"width:100%\"><strong class=\"rating\"><\/strong><\/span><\/div>  \t\t\t\t<div class=\"testimonial-text line-height-small italic test_text first-reset last-reset is-italic\">\n            \n          <\/div>\n          <div class=\"testimonial-meta pt-half\">\n             <strong class=\"testimonial-name test_name\"><\/strong>\n                          <span class=\"testimonial-company test_company\"><\/span>\n          <\/div>\n        <\/div>\n  <\/div>\n\n  \n\t<div id=\"gap-1031806286\" class=\"gap-element clearfix\" style=\"display:block; height:auto;\">\n\t\t\n<style>\n#gap-1031806286 {\n  padding-top: 30px;\n}\n<\/style>\n\t<\/div>\n\t\n<p>F\u00e9licitations professeur, merci pour vos mains gu\u00e9risseuses en tant que professionnel de sant\u00e9 \ud83d\ude4f\ud83c\udffb\ud83d\ude42<\/p>\n\t\t<\/div>\n\t\t\t\t\t<\/div>\n\n\t\n\n\t<div id=\"col-1444751392\" class=\"col medium-3 small-12 large-3\"  >\n\t\t\t\t<div class=\"col-inner\"  >\n\t\t\t\n\t\t\t\n  <div class=\"icon-box testimonial-box icon-box-center yorum-alani text-center\">\n                <div class=\"icon-box-img testimonial-image circle\" style=\"width: 175px\">\n                      <\/div>\n                <div class=\"icon-box-text p-last-0\">\n          <div class=\"star-rating\" role=\"img\" aria-label=\"Rated 5 out of 5\"><span style=\"width:100%\"><strong class=\"rating\"><\/strong><\/span><\/div>  \t\t\t\t<div class=\"testimonial-text line-height-small italic test_text first-reset last-reset is-italic\">\n            \n          <\/div>\n          <div class=\"testimonial-meta pt-half\">\n             <strong class=\"testimonial-name test_name\"><\/strong>\n                          <span class=\"testimonial-company test_company\"><\/span>\n          <\/div>\n        <\/div>\n  <\/div>\n\n  \n\t<div id=\"gap-1116009093\" class=\"gap-element clearfix\" style=\"display:block; height:auto;\">\n\t\t\n<style>\n#gap-1116009093 {\n  padding-top: 30px;\n}\n<\/style>\n\t<\/div>\n\t\n<p>Professeur, en tant que votre patient, permettez-moi de dire ceci : que Dieu mette sur le chemin de tous les patients en qu\u00eate de gu\u00e9rison quelqu\u2019un comme vous \ud83d\ude4f\ud83c\udffb\ud83d\ude4f\ud83c\udffb\ud83c\udf39\ud83e\uddff Nous vous aimons beaucoup \ud83e\udd70<\/p>\n\t\t<\/div>\n\t\t\t\t\t<\/div>\n\n\t\n\n\t<div id=\"col-610857770\" class=\"col medium-3 small-12 large-3\"  >\n\t\t\t\t<div class=\"col-inner\"  >\n\t\t\t\n\t\t\t\n  <div class=\"icon-box testimonial-box icon-box-center yorum-alani text-center\">\n                <div class=\"icon-box-img testimonial-image circle\" style=\"width: 175px\">\n                      <\/div>\n                <div class=\"icon-box-text p-last-0\">\n          <div class=\"star-rating\" role=\"img\" aria-label=\"Rated 5 out of 5\"><span style=\"width:100%\"><strong class=\"rating\"><\/strong><\/span><\/div>  \t\t\t\t<div class=\"testimonial-text line-height-small italic test_text first-reset last-reset is-italic\">\n            \n          <\/div>\n          <div class=\"testimonial-meta pt-half\">\n             <strong class=\"testimonial-name test_name\"><\/strong>\n                          <span class=\"testimonial-company test_company\"><\/span>\n          <\/div>\n        <\/div>\n  <\/div>\n\n  \n\t<div id=\"gap-808196986\" class=\"gap-element clearfix\" style=\"display:block; height:auto;\">\n\t\t\n<style>\n#gap-808196986 {\n  padding-top: 30px;\n}\n<\/style>\n\t<\/div>\n\t\n<p>Professeur, vous avez r\u00e9alis\u00e9 mon intervention en novembre 2021 \u00e0 l\u2019H\u00f4pital Prof. Dr. Cemil Ta\u015f\u00e7\u0131o\u011flu. Je sais que \u00ab le m\u00e9rite m\u00e9rite des \u00e9loges \u00bb. J\u2019esp\u00e8re que chacun rencontrera de bons m\u00e9decins comme vous. Merci pour vos efforts \ud83d\ude0a<\/p>\n\t\t<\/div>\n\t\t\t\t\t<\/div>\n\n\t\n\n\t<div id=\"col-572699354\" class=\"col medium-3 small-12 large-3\"  >\n\t\t\t\t<div class=\"col-inner\"  >\n\t\t\t\n\t\t\t\n  <div class=\"icon-box testimonial-box icon-box-center yorum-alani text-center\">\n                <div class=\"icon-box-img testimonial-image circle\" style=\"width: 175px\">\n                      <\/div>\n                <div class=\"icon-box-text p-last-0\">\n          <div class=\"star-rating\" role=\"img\" aria-label=\"Rated 5 out of 5\"><span style=\"width:100%\"><strong class=\"rating\"><\/strong><\/span><\/div>  \t\t\t\t<div class=\"testimonial-text line-height-small italic test_text first-reset last-reset is-italic\">\n            \n          <\/div>\n          <div class=\"testimonial-meta pt-half\">\n             <strong class=\"testimonial-name test_name\"><\/strong>\n                          <span class=\"testimonial-company test_company\"><\/span>\n          <\/div>\n        <\/div>\n  <\/div>\n\n  \n\t<div id=\"gap-632938737\" class=\"gap-element clearfix\" style=\"display:block; height:auto;\">\n\t\t\n<style>\n#gap-632938737 {\n  padding-top: 30px;\n}\n<\/style>\n\t<\/div>\n\t\n<p>Je vous suis avec admiration. J\u2019ai encore beaucoup de chemin \u00e0 parcourir pour atteindre m\u00eame un dixi\u00e8me de votre niveau et j\u2019esp\u00e8re avoir l\u2019opportunit\u00e9 de travailler avec vous sur ce chemin. Vous \u00eates devenu pour moi un mod\u00e8le, une raison de travailler davantage et une source d\u2019inspiration<\/p>\n\t\t<\/div>\n\t\t\t\t\t<\/div>\n\n\t\n\n\t<div id=\"col-125912734\" class=\"col medium-3 small-12 large-3\"  >\n\t\t\t\t<div class=\"col-inner\"  >\n\t\t\t\n\t\t\t\n  <div class=\"icon-box testimonial-box icon-box-center yorum-alani text-center\">\n                <div class=\"icon-box-img testimonial-image circle\" style=\"width: 175px\">\n                      <\/div>\n                <div class=\"icon-box-text p-last-0\">\n          <div class=\"star-rating\" role=\"img\" aria-label=\"Rated 5 out of 5\"><span style=\"width:100%\"><strong class=\"rating\"><\/strong><\/span><\/div>  \t\t\t\t<div class=\"testimonial-text line-height-small italic test_text first-reset last-reset is-italic\">\n            \n          <\/div>\n          <div class=\"testimonial-meta pt-half\">\n             <strong class=\"testimonial-name test_name\"><\/strong>\n                          <span class=\"testimonial-company test_company\"><\/span>\n          <\/div>\n        <\/div>\n  <\/div>\n\n  \n\t<div id=\"gap-1203976080\" class=\"gap-element clearfix\" style=\"display:block; height:auto;\">\n\t\t\n<style>\n#gap-1203976080 {\n  padding-top: 30px;\n}\n<\/style>\n\t<\/div>\n\t\n<p>\u00c0 mon p\u00e8re, on avait dit pontage en raison de trois art\u00e8res coronaires obstru\u00e9es. Mes amis m\u00e9decins m\u2019ont dit que le professeur Kadriye pouvait les ouvrir en cardiologie interventionnelle. En deux s\u00e9ances, elle nous a \u00e9vit\u00e9 un pontage. Professeur, s\u2019il vous pla\u00eet, ne partez pas \u00e0 l\u2019\u00e9tranger. Notre pays a besoin de professeurs \u00e9minents comme vous. Heureusement que vous existez. Je vis \u00e0 Izmir, les cardiologues d\u2019Izmir parlent de vous avec \u00e9loges \ud83d\ude0d<\/p>\n\t\t<\/div>\n\t\t\t\t\t<\/div>\n\n\t\n\n\t<div id=\"col-525597337\" class=\"col medium-3 small-12 large-3\"  >\n\t\t\t\t<div class=\"col-inner\"  >\n\t\t\t\n\t\t\t\n  <div class=\"icon-box testimonial-box icon-box-center yorum-alani text-center\">\n                <div class=\"icon-box-img testimonial-image circle\" style=\"width: 175px\">\n                      <\/div>\n                <div class=\"icon-box-text p-last-0\">\n          <div class=\"star-rating\" role=\"img\" aria-label=\"Rated 5 out of 5\"><span style=\"width:100%\"><strong class=\"rating\"><\/strong><\/span><\/div>  \t\t\t\t<div class=\"testimonial-text line-height-small italic test_text first-reset last-reset is-italic\">\n            \n          <\/div>\n          <div class=\"testimonial-meta pt-half\">\n             <strong class=\"testimonial-name test_name\"><\/strong>\n                          <span class=\"testimonial-company test_company\"><\/span>\n          <\/div>\n        <\/div>\n  <\/div>\n\n  \n\t<div id=\"gap-138452327\" class=\"gap-element clearfix\" style=\"display:block; height:auto;\">\n\t\t\n<style>\n#gap-138452327 {\n  padding-top: 30px;\n}\n<\/style>\n\t<\/div>\n\t\n<div class=\"kx2i0d\">\n<article class=\"VaHEVc\" aria-label=\"Examen\">\n<div class=\"noyJyc\">\n<div class=\"gyKkFe JhRJje Fv38Af\">\n<div id=\"ucc-1\" aria-expanded=\"true\">\n<div tabindex=\"-1\">Une exp\u00e9rience incroyable, une expertise remarquable. Malgr\u00e9 qu\u2019on ait dit qu\u2019un stent ne fonctionnerait pas, elle a dit \u00ab viens, je le fais \u00bb. Heureusement que j\u2019y suis all\u00e9. Heureusement que tu es mon amie. Je te dois ma vie. Heureusement que tu existes professeur Kadriye<\/div>\n<\/div>\n<\/div>\n<\/div>\n<\/article>\n<\/div>\n\t\t<\/div>\n\t\t\t\t\t<\/div>\n\n\t\n\n<style>\n#row-1109629932 > .col > .col-inner {\n  padding: 0px 30px 20px 30px;\n  border-radius: 20px;\n}\n<\/style>\n<\/div>\n\t\t<\/div>\n\n\t\t\n<style>\n#section_762778228 {\n  padding-top: 30px;\n  padding-bottom: 30px;\n}\n<\/style>\n\t<\/section>\n\t\n","protected":false},"excerpt":{"rendered":"","protected":false},"author":1,"featured_media":0,"parent":0,"menu_order":0,"comment_status":"closed","ping_status":"closed","template":"page-blank.php","meta":{"footnotes":""},"class_list":["post-1443","page","type-page","status-publish","hentry"],"_links":{"self":[{"href":"https:\/\/kadriyekilickesmez.com\/fr\/wp-json\/wp\/v2\/pages\/1443","targetHints":{"allow":["GET"]}}],"collection":[{"href":"https:\/\/kadriyekilickesmez.com\/fr\/wp-json\/wp\/v2\/pages"}],"about":[{"href":"https:\/\/kadriyekilickesmez.com\/fr\/wp-json\/wp\/v2\/types\/page"}],"author":[{"embeddable":true,"href":"https:\/\/kadriyekilickesmez.com\/fr\/wp-json\/wp\/v2\/users\/1"}],"replies":[{"embeddable":true,"href":"https:\/\/kadriyekilickesmez.com\/fr\/wp-json\/wp\/v2\/comments?post=1443"}],"version-history":[{"count":5,"href":"https:\/\/kadriyekilickesmez.com\/fr\/wp-json\/wp\/v2\/pages\/1443\/revisions"}],"predecessor-version":[{"id":1448,"href":"https:\/\/kadriyekilickesmez.com\/fr\/wp-json\/wp\/v2\/pages\/1443\/revisions\/1448"}],"wp:attachment":[{"href":"https:\/\/kadriyekilickesmez.com\/fr\/wp-json\/wp\/v2\/media?parent=1443"}],"curies":[{"name":"wp","href":"https:\/\/api.w.org\/{rel}","templated":true}]}}