{"id":1334,"date":"2024-05-15T13:10:12","date_gmt":"2024-05-15T10:10:12","guid":{"rendered":"https:\/\/kadriyekilickesmez.com\/?page_id=1334"},"modified":"2026-04-09T18:33:59","modified_gmt":"2026-04-09T15:33:59","slug":"a-propos-de-moi","status":"publish","type":"page","link":"https:\/\/kadriyekilickesmez.com\/fr\/a-propos-de-moi\/","title":{"rendered":"\u00c0 propos de moi"},"content":{"rendered":"\n\t<section class=\"section\" id=\"section_450956433\">\n\t\t<div class=\"section-bg fill\" >\n\t\t\t<img decoding=\"async\" width=\"1920\" height=\"300\" src=\"https:\/\/kadriyekilickesmez.com\/wp-content\/uploads\/2024\/05\/kadriyekilickesmez_banner.jpg\" class=\"bg attachment-2048x2048 size-2048x2048\" alt=\"\" title=\"\">\t\t\t\t\t\t\n\t\t\t\n\n\t\t<\/div>\n\n\t\t\n\n\t\t<div class=\"section-content relative\">\n\t\t\t\n<div class=\"row\"  id=\"row-1484000111\">\n\n\t<div id=\"col-429783582\" class=\"col small-12 large-12\"  >\n\t\t\t\t<div class=\"col-inner\"  >\n\t\t\t\n\t\t\t\n  <div id=\"page-header-775994662\" class=\"page-header-wrapper\">\n  <div class=\"page-title dark simple-title\">\n\n    \n    <div class=\"page-title-inner container align-center flex-row medium-flex-wrap\" >\n              <div class=\"title-wrapper is-larger flex-col text-left medium-text-center\">\n          <h1 class=\"entry-title mb-0\">\n            \u00c0 propos de moi          <\/h1>\n        <\/div>\n                    <div class=\"title-content flex-col flex-right text-right medium-text-center\">\n        <div class=\"title-breadcrumbs pb-half pt-half\"><\/div>      <\/div>\n    <\/div>\n\n       <\/div>\n    <\/div>\n  \n\t\t<\/div>\n\t\t\t\t\t<\/div>\n\n\t\n<\/div>\n\t\t<\/div>\n\n\t\t\n<style>\n#section_450956433 {\n  padding-top: 30px;\n  padding-bottom: 30px;\n}\n<\/style>\n\t<\/section>\n\t\n\n\t<section class=\"section\" id=\"section_1259897483\">\n\t\t<div class=\"section-bg fill\" >\n\t\t\t\t\t\t\t\t\t\n\t\t\t\n\n\t\t<\/div>\n\n\t\t\n\n\t\t<div class=\"section-content relative\">\n\t\t\t\n<div class=\"row align-middle\"  id=\"row-716824399\">\n\n\t<div id=\"col-962225789\" class=\"col medium-6 small-12 large-6\"  >\n\t\t\t\t<div class=\"col-inner\"  >\n\t\t\t\n\t\t\t\n\t<div class=\"box has-hover   has-hover box-text-bottom\" >\n\n\t\t<div class=\"box-image\" style=\"border-radius:10%;width:80%;\">\n\t\t\t\t\t\t<div class=\"\" >\n\t\t\t\t<img decoding=\"async\" width=\"810\" height=\"1080\" src=\"https:\/\/kadriyekilickesmez.com\/wp-content\/uploads\/2024\/06\/DSC_7286-1.webp\" class=\"attachment-2048x2048 size-2048x2048\" alt=\"\" srcset=\"https:\/\/kadriyekilickesmez.com\/wp-content\/uploads\/2024\/06\/DSC_7286-1.webp 810w, https:\/\/kadriyekilickesmez.com\/wp-content\/uploads\/2024\/06\/DSC_7286-1-300x400.webp 300w, https:\/\/kadriyekilickesmez.com\/wp-content\/uploads\/2024\/06\/DSC_7286-1-768x1024.webp 768w\" sizes=\"(max-width: 810px) 100vw, 810px\" title=\"\">\t\t\t\t\t\t\t\t\t\t\t<\/div>\n\t\t\t\t\t<\/div>\n\n\t\t<div class=\"box-text text-center\" >\n\t\t\t<div class=\"box-text-inner\">\n\t\t\t\t\n\t\t\t<\/div>\n\t\t<\/div>\n\t<\/div>\n\t\n\t\t<\/div>\n\t\t\t\t\t<\/div>\n\n\t\n\n\t<div id=\"col-1199164710\" class=\"col medium-6 small-12 large-6 small-col-first\"  >\n\t\t\t\t<div class=\"col-inner\"  >\n\t\t\t\n\t\t\t\n<p><span style=\"font-weight: 400;\">Prof. Dr. Kadriye Orta K\u0131l\u0131\u00e7kesmez est l&rsquo;une des figures de proue du domaine de la cardiologie en Turquie. Elle est n\u00e9e le 24 janvier 1974 \u00e0 Tekirda\u011f. Apr\u00e8s avoir termin\u00e9 ses \u00e9tudes de licence \u00e0 la Facult\u00e9 de M\u00e9decine Cerrahpa\u015fa de l&rsquo;Universit\u00e9 d&rsquo;Istanbul, elle a choisi la cardiologie comme sp\u00e9cialit\u00e9 et a suivi sa formation de sp\u00e9cialisation \u00e0 l&rsquo;Institut de Cardiologie de la m\u00eame universit\u00e9.<\/span><\/p>\n<p><span style=\"font-weight: 400;\">Apr\u00e8s avoir travaill\u00e9 pendant une courte p\u00e9riode \u00e0 l&rsquo;H\u00f4pital Public de \u00c7orlu et \u00e0 l&rsquo;H\u00f4pital de Service de la Fondation Turque du Rein, elle est retourn\u00e9e \u00e0 l&rsquo;Institut de Cardiologie de l&rsquo;Universit\u00e9 d&rsquo;Istanbul. Kadriye K\u0131l\u0131\u00e7kesmez, qui a poursuivi sa carri\u00e8re acad\u00e9mique ici, est devenue professeure associ\u00e9e en 2012. Ensuite, \u00e0 Londres, <\/span><span style=\"font-weight: 400;\">elle a travaill\u00e9 au Royal Brompton Hospital sur les interventions coronaires complexes, l&rsquo;imagerie intracoronaire CTO et les maladies cardiaques structurelles, et a r\u00e9dig\u00e9 des articles scientifiques. En 2015, elle a \u00e9t\u00e9 mandat\u00e9e par l&rsquo;universit\u00e9 pour fonder la clinique de cardiologie de \u015ei\u015fli Etfal ainsi que le laboratoire d&rsquo;angiographie. Devenue professeure en 2017, Kadriye K\u0131l\u0131\u00e7kesmez a fond\u00e9 en 2020 la clinique de cardiologie et le laboratoire d&rsquo;angiographie de l&rsquo;H\u00f4pital Municipal Prof. Dr. Cemil Ta\u015fc\u0131o\u011flu et a assur\u00e9 que la clinique devienne une clinique de formation.<\/span><\/p>\n<p><span style=\"font-weight: 400;\">Connue pour ses contributions et ses r\u00e9ussites dans les travaux scientifiques, K\u0131l\u0131\u00e7kesmez est membre de nombreuses organisations scientifiques nationales et internationales. Elle est membre active d&rsquo;organisations telles que la Soci\u00e9t\u00e9 Turque de Cardiologie et l&rsquo;Association M\u00e9dicale Turque. Elle agit \u00e9galement en tant qu&rsquo;\u00e9valuatrice pour des revues internationales et a occup\u00e9 le poste de r\u00e9dactrice adjointe dans les Archives de la Soci\u00e9t\u00e9 Turque de Cardiologie.<\/span><\/p>\n<p><span style=\"font-weight: 400;\">Se distinguant \u00e9galement par ses prix et ses r\u00e9ussites, K\u0131l\u0131\u00e7kesmez a remport\u00e9 deux prix d&rsquo;exposition d&rsquo;affiches scientifiques lors des Congr\u00e8s Nationaux de Cardiologie. De plus, elle a jou\u00e9 un r\u00f4le important dans le domaine acad\u00e9mique avec les cours de niveau licence et post-licence qu&rsquo;elle a dispens\u00e9s ces derni\u00e8res ann\u00e9es. Elle a donn\u00e9 des cours sur des sujets tels que les stents coronaires r\u00e9sorbables, l&rsquo;imagerie intracoronaire et les techniques de stenting des bifurcations coronaires, et a guid\u00e9 les \u00e9tudiants.<\/span><\/p>\n<p><span style=\"font-weight: 400;\">Elle est proctor (formatrice) et consultante pour les maladies cardiaques structurelles et les interventions coronaires complexes. Autrement dit, elle dispense des formations certifiantes sur les techniques interventionnelles aux cardiologues concern\u00e9s dans notre pays et dans les pays voisins. Elle organise \u00e9galement des cours et des ateliers sur les interventions coronaires et structurelles pour ses coll\u00e8gues, tant au niveau national qu&rsquo;international.<\/span><\/p>\n\t\t<\/div>\n\t\t\t\t\t<\/div>\n\n\t\n\n\t<div id=\"col-1050809011\" class=\"col small-12 large-12\"  >\n\t\t\t\t<div class=\"col-inner\"  >\n\t\t\t\n\t\t\t\n<p>Se distinguant \u00e9galement par ses prix et ses r\u00e9ussites, K\u0131l\u0131\u00e7kesmez a remport\u00e9 deux prix d&rsquo;exposition d&rsquo;affiches scientifiques lors des Congr\u00e8s Nationaux de Cardiologie. De plus, elle a jou\u00e9 un r\u00f4le important dans le domaine acad\u00e9mique avec les cours de niveau licence et post-licence qu&rsquo;elle a dispens\u00e9s ces derni\u00e8res ann\u00e9es. Elle a donn\u00e9 des cours sur des sujets tels que les stents coronaires r\u00e9sorbables, l&rsquo;imagerie intracoronaire et les techniques de stenting des bifurcations coronaires, et a guid\u00e9 les \u00e9tudiants.<\/p>\n<p><strong>Adh\u00e9sions aux organisations scientifiques : <\/strong><\/p>\n<ul>\n<li>Soci\u00e9t\u00e9 Turque de Cardiologie<\/li>\n<li>Association M\u00e9dicale Turque<\/li>\n<\/ul>\n<p><strong>R\u00e9compenses :<\/strong><\/p>\n<ul>\n<li>Two Scientific Poster Exhibit Awards in the National Congress of Cardiology 2002-2010<\/li>\n<\/ul>\n\t\t<\/div>\n\t\t\t\t\t<\/div>\n\n\t\n\n\t<div id=\"col-1999164313\" class=\"col medium-4 small-12 large-4\"  >\n\t\t\t\t<div class=\"col-inner\"  >\n\t\t\t\n\t\t\t\n<a class=\"button secondary lowercase expand\" style=\"border-radius:10px;\">\n\t\t<span>Articles acad\u00e9miques<\/span>\n\t<\/a>\n\n\t\t<\/div>\n\t\t\t\t\t<\/div>\n\n\t\n<\/div>\n\t\t<\/div>\n\n\t\t\n<style>\n#section_1259897483 {\n  padding-top: 30px;\n  padding-bottom: 30px;\n}\n<\/style>\n\t<\/section>\n\t\n","protected":false},"excerpt":{"rendered":"","protected":false},"author":1,"featured_media":0,"parent":0,"menu_order":0,"comment_status":"closed","ping_status":"closed","template":"page-blank.php","meta":{"footnotes":""},"class_list":["post-1334","page","type-page","status-publish","hentry"],"_links":{"self":[{"href":"https:\/\/kadriyekilickesmez.com\/fr\/wp-json\/wp\/v2\/pages\/1334","targetHints":{"allow":["GET"]}}],"collection":[{"href":"https:\/\/kadriyekilickesmez.com\/fr\/wp-json\/wp\/v2\/pages"}],"about":[{"href":"https:\/\/kadriyekilickesmez.com\/fr\/wp-json\/wp\/v2\/types\/page"}],"author":[{"embeddable":true,"href":"https:\/\/kadriyekilickesmez.com\/fr\/wp-json\/wp\/v2\/users\/1"}],"replies":[{"embeddable":true,"href":"https:\/\/kadriyekilickesmez.com\/fr\/wp-json\/wp\/v2\/comments?post=1334"}],"version-history":[{"count":3,"href":"https:\/\/kadriyekilickesmez.com\/fr\/wp-json\/wp\/v2\/pages\/1334\/revisions"}],"predecessor-version":[{"id":1337,"href":"https:\/\/kadriyekilickesmez.com\/fr\/wp-json\/wp\/v2\/pages\/1334\/revisions\/1337"}],"wp:attachment":[{"href":"https:\/\/kadriyekilickesmez.com\/fr\/wp-json\/wp\/v2\/media?parent=1334"}],"curies":[{"name":"wp","href":"https:\/\/api.w.org\/{rel}","templated":true}]}}