{"id":1456,"date":"2024-07-22T20:48:57","date_gmt":"2024-07-22T17:48:57","guid":{"rendered":"https:\/\/kadriyekilickesmez.com\/?page_id=1456"},"modified":"2026-04-10T14:13:58","modified_gmt":"2026-04-10T11:13:58","slug":"sus-comentarios","status":"publish","type":"page","link":"https:\/\/kadriyekilickesmez.com\/es\/sus-comentarios\/","title":{"rendered":"Sus comentarios"},"content":{"rendered":"\n\t<section class=\"section\" id=\"section_1946881187\">\n\t\t<div class=\"section-bg fill\" >\n\t\t\t<img decoding=\"async\" width=\"1920\" height=\"300\" src=\"https:\/\/kadriyekilickesmez.com\/wp-content\/uploads\/2024\/05\/kadriyekilickesmez_banner.jpg\" class=\"bg attachment-2048x2048 size-2048x2048\" alt=\"\" title=\"\">\t\t\t\t\t\t\n\t\t\t\n\n\t\t<\/div>\n\n\t\t\n\n\t\t<div class=\"section-content relative\">\n\t\t\t\n<div class=\"row\"  id=\"row-730560136\">\n\n\t<div id=\"col-423956750\" class=\"col small-12 large-12\"  >\n\t\t\t\t<div class=\"col-inner\"  >\n\t\t\t\n\t\t\t\n  <div id=\"page-header-2007504766\" class=\"page-header-wrapper\">\n  <div class=\"page-title dark simple-title\">\n\n    \n    <div class=\"page-title-inner container align-center flex-row medium-flex-wrap\" >\n              <div class=\"title-wrapper is-larger flex-col text-left medium-text-center\">\n          <h1 class=\"entry-title mb-0\">\n            Sus comentarios          <\/h1>\n        <\/div>\n                    <div class=\"title-content flex-col flex-right text-right medium-text-center\">\n        <div class=\"title-breadcrumbs pb-half pt-half\"><\/div>      <\/div>\n    <\/div>\n\n       <\/div>\n    <\/div>\n  \n\t\t<\/div>\n\t\t\t\t\t<\/div>\n\n\t\n<\/div>\n\t\t<\/div>\n\n\t\t\n<style>\n#section_1946881187 {\n  padding-top: 30px;\n  padding-bottom: 30px;\n}\n<\/style>\n\t<\/section>\n\t\n\n\t<section class=\"section\" id=\"section_1249270389\">\n\t\t<div class=\"section-bg fill\" >\n\t\t\t\t\t\t\t\t\t\n\t\t\t\n\n\t\t<\/div>\n\n\t\t\n\n\t\t<div class=\"section-content relative\">\n\t\t\t\n<div class=\"row align-equal row-box-shadow-3 row-box-shadow-4-hover\"  id=\"row-1074455349\">\n\n\t<div id=\"col-1971123763\" class=\"col medium-3 small-12 large-3\"  >\n\t\t\t\t<div class=\"col-inner\"  >\n\t\t\t\n\t\t\t\n  <div class=\"icon-box testimonial-box icon-box-center yorum-alani text-center\">\n                <div class=\"icon-box-img testimonial-image circle\" style=\"width: 175px\">\n                      <\/div>\n                <div class=\"icon-box-text p-last-0\">\n          <div class=\"star-rating\" role=\"img\" aria-label=\"Rated 5 out of 5\"><span style=\"width:100%\"><strong class=\"rating\"><\/strong><\/span><\/div>  \t\t\t\t<div class=\"testimonial-text line-height-small italic test_text first-reset last-reset is-italic\">\n            \n          <\/div>\n          <div class=\"testimonial-meta pt-half\">\n             <strong class=\"testimonial-name test_name\"><\/strong>\n                          <span class=\"testimonial-company test_company\"><\/span>\n          <\/div>\n        <\/div>\n  <\/div>\n\n  \n\t<div id=\"gap-2129428877\" class=\"gap-element clearfix\" style=\"display:block; height:auto;\">\n\t\t\n<style>\n#gap-2129428877 {\n  padding-top: 30px;\n}\n<\/style>\n\t<\/div>\n\t\n<p>Ahhh qui\u00e9n no lo sabe, yo tambi\u00e9n tuve un bypass de 5 vasos, es arriesgado, ella me devolvi\u00f3 la vida, le estamos agradecidos, soy residente del hogar de ancianos de la caja de jubilaci\u00f3n en Etiler, los residentes aqu\u00ed lo saben, que Dios est\u00e9 con ella<\/p>\n\t\t<\/div>\n\t\t\t\t\t<\/div>\n\n\t\n\n\t<div id=\"col-1283073699\" class=\"col medium-3 small-12 large-3\"  >\n\t\t\t\t<div class=\"col-inner\"  >\n\t\t\t\n\t\t\t\n  <div class=\"icon-box testimonial-box icon-box-center yorum-alani text-center\">\n                <div class=\"icon-box-img testimonial-image circle\" style=\"width: 175px\">\n                      <\/div>\n                <div class=\"icon-box-text p-last-0\">\n          <div class=\"star-rating\" role=\"img\" aria-label=\"Rated 5 out of 5\"><span style=\"width:100%\"><strong class=\"rating\"><\/strong><\/span><\/div>  \t\t\t\t<div class=\"testimonial-text line-height-small italic test_text first-reset last-reset is-italic\">\n            \n          <\/div>\n          <div class=\"testimonial-meta pt-half\">\n             <strong class=\"testimonial-name test_name\"><\/strong>\n                          <span class=\"testimonial-company test_company\"><\/span>\n          <\/div>\n        <\/div>\n  <\/div>\n\n  \n\t<div id=\"gap-247950180\" class=\"gap-element clearfix\" style=\"display:block; height:auto;\">\n\t\t\n<style>\n#gap-247950180 {\n  padding-top: 30px;\n}\n<\/style>\n\t<\/div>\n\t\n<p>Aplic\u00f3 el mismo procedimiento a mi esposa hace dos a\u00f1os, le estamos agradecidos, siempre est\u00e1 en nuestras oraciones, qu\u00e9 bueno que existe \ud83d\udcaa\ud83e\udd32much\u00edsimas gracias, con respeto<\/p>\n\t\t<\/div>\n\t\t\t\t\t<\/div>\n\n\t\n\n\t<div id=\"col-62531185\" class=\"col medium-3 small-12 large-3\"  >\n\t\t\t\t<div class=\"col-inner\"  >\n\t\t\t\n\t\t\t\n  <div class=\"icon-box testimonial-box icon-box-center yorum-alani text-center\">\n                <div class=\"icon-box-img testimonial-image circle\" style=\"width: 175px\">\n                      <\/div>\n                <div class=\"icon-box-text p-last-0\">\n          <div class=\"star-rating\" role=\"img\" aria-label=\"Rated 5 out of 5\"><span style=\"width:100%\"><strong class=\"rating\"><\/strong><\/span><\/div>  \t\t\t\t<div class=\"testimonial-text line-height-small italic test_text first-reset last-reset is-italic\">\n            \n          <\/div>\n          <div class=\"testimonial-meta pt-half\">\n             <strong class=\"testimonial-name test_name\"><\/strong>\n                          <span class=\"testimonial-company test_company\"><\/span>\n          <\/div>\n        <\/div>\n  <\/div>\n\n  \n\t<div id=\"gap-1675385092\" class=\"gap-element clearfix\" style=\"display:block; height:auto;\">\n\t\t\n<style>\n#gap-1675385092 {\n  padding-top: 30px;\n}\n<\/style>\n\t<\/div>\n\t\n<p>Muy buena tanto como persona como m\u00e9dica, intervino tanto en mis arterias card\u00edacas como en las de mis piernas en Okmeydan\u0131, estoy agradecido<\/p>\n\t\t<\/div>\n\t\t\t\t\t<\/div>\n\n\t\n\n\t<div id=\"col-495276306\" class=\"col medium-3 small-12 large-3\"  >\n\t\t\t\t<div class=\"col-inner\"  >\n\t\t\t\n\t\t\t\n  <div class=\"icon-box testimonial-box icon-box-center yorum-alani text-center\">\n                <div class=\"icon-box-img testimonial-image circle\" style=\"width: 175px\">\n                      <\/div>\n                <div class=\"icon-box-text p-last-0\">\n          <div class=\"star-rating\" role=\"img\" aria-label=\"Rated 5 out of 5\"><span style=\"width:100%\"><strong class=\"rating\"><\/strong><\/span><\/div>  \t\t\t\t<div class=\"testimonial-text line-height-small italic test_text first-reset last-reset is-italic\">\n            \n          <\/div>\n          <div class=\"testimonial-meta pt-half\">\n             <strong class=\"testimonial-name test_name\"><\/strong>\n                          <span class=\"testimonial-company test_company\"><\/span>\n          <\/div>\n        <\/div>\n  <\/div>\n\n  \n\t<div id=\"gap-583034120\" class=\"gap-element clearfix\" style=\"display:block; height:auto;\">\n\t\t\n<style>\n#gap-583034120 {\n  padding-top: 30px;\n}\n<\/style>\n\t<\/div>\n\t\n<p>Con el m\u00e9todo que utiliz\u00f3 me dio la vida, le estoy agradecido, gracias por sus manos, que su camino est\u00e9 abierto, le estoy agradecido profesora \u2764\ufe0f\u2764\ufe0f<\/p>\n\t\t<\/div>\n\t\t\t\t\t<\/div>\n\n\t\n\n\t<div id=\"col-179625644\" class=\"col medium-3 small-12 large-3\"  >\n\t\t\t\t<div class=\"col-inner\"  >\n\t\t\t\n\t\t\t\n  <div class=\"icon-box testimonial-box icon-box-center yorum-alani text-center\">\n                <div class=\"icon-box-img testimonial-image circle\" style=\"width: 175px\">\n                      <\/div>\n                <div class=\"icon-box-text p-last-0\">\n          <div class=\"star-rating\" role=\"img\" aria-label=\"Rated 5 out of 5\"><span style=\"width:100%\"><strong class=\"rating\"><\/strong><\/span><\/div>  \t\t\t\t<div class=\"testimonial-text line-height-small italic test_text first-reset last-reset is-italic\">\n            \n          <\/div>\n          <div class=\"testimonial-meta pt-half\">\n             <strong class=\"testimonial-name test_name\"><\/strong>\n                          <span class=\"testimonial-company test_company\"><\/span>\n          <\/div>\n        <\/div>\n  <\/div>\n\n  \n\t<div id=\"gap-1931205723\" class=\"gap-element clearfix\" style=\"display:block; height:auto;\">\n\t\t\n<style>\n#gap-1931205723 {\n  padding-top: 30px;\n}\n<\/style>\n\t<\/div>\n\t\n<p>Profesora, qu\u00e9 bueno que existe, que Dios est\u00e9 satisfecho con usted, gracias a usted estoy muy bien, le deseo \u00e9xito, una vida saludable, feliz y bendecida<\/p>\n\t\t<\/div>\n\t\t\t\t\t<\/div>\n\n\t\n\n\t<div id=\"col-1035153989\" class=\"col medium-3 small-12 large-3\"  >\n\t\t\t\t<div class=\"col-inner\"  >\n\t\t\t\n\t\t\t\n  <div class=\"icon-box testimonial-box icon-box-center yorum-alani text-center\">\n                <div class=\"icon-box-img testimonial-image circle\" style=\"width: 175px\">\n                      <\/div>\n                <div class=\"icon-box-text p-last-0\">\n          <div class=\"star-rating\" role=\"img\" aria-label=\"Rated 5 out of 5\"><span style=\"width:100%\"><strong class=\"rating\"><\/strong><\/span><\/div>  \t\t\t\t<div class=\"testimonial-text line-height-small italic test_text first-reset last-reset is-italic\">\n            \n          <\/div>\n          <div class=\"testimonial-meta pt-half\">\n             <strong class=\"testimonial-name test_name\"><\/strong>\n                          <span class=\"testimonial-company test_company\"><\/span>\n          <\/div>\n        <\/div>\n  <\/div>\n\n  \n\t<div id=\"gap-1898230641\" class=\"gap-element clearfix\" style=\"display:block; height:auto;\">\n\t\t\n<style>\n#gap-1898230641 {\n  padding-top: 30px;\n}\n<\/style>\n\t<\/div>\n\t\n<p>Oper\u00f3 a mi esposa con este m\u00e9todo. Todo fue exactamente como explic\u00f3. Estamos muy satisfechos. Que Dios la bendiga. Que su camino est\u00e9 abierto.<\/p>\n\t\t<\/div>\n\t\t\t\t\t<\/div>\n\n\t\n\n\t<div id=\"col-1727473077\" class=\"col medium-3 small-12 large-3\"  >\n\t\t\t\t<div class=\"col-inner\"  >\n\t\t\t\n\t\t\t\n  <div class=\"icon-box testimonial-box icon-box-center yorum-alani text-center\">\n                <div class=\"icon-box-img testimonial-image circle\" style=\"width: 175px\">\n                      <\/div>\n                <div class=\"icon-box-text p-last-0\">\n          <div class=\"star-rating\" role=\"img\" aria-label=\"Rated 5 out of 5\"><span style=\"width:100%\"><strong class=\"rating\"><\/strong><\/span><\/div>  \t\t\t\t<div class=\"testimonial-text line-height-small italic test_text first-reset last-reset is-italic\">\n            \n          <\/div>\n          <div class=\"testimonial-meta pt-half\">\n             <strong class=\"testimonial-name test_name\"><\/strong>\n                          <span class=\"testimonial-company test_company\"><\/span>\n          <\/div>\n        <\/div>\n  <\/div>\n\n  \n\t<div id=\"gap-1319982527\" class=\"gap-element clearfix\" style=\"display:block; height:auto;\">\n\t\t\n<style>\n#gap-1319982527 {\n  padding-top: 30px;\n}\n<\/style>\n\t<\/div>\n\t\n<p>Profesora, le estoy agradecido, abri\u00f3 mi arteria completamente obstruida, gracias a usted recuper\u00e9 mi salud \ud83d\udc90\ud83d\ude4f\ud83c\udffb\ud83e\uddff<\/p>\n\t\t<\/div>\n\t\t\t\t\t<\/div>\n\n\t\n\n\t<div id=\"col-361966586\" class=\"col medium-3 small-12 large-3\"  >\n\t\t\t\t<div class=\"col-inner\"  >\n\t\t\t\n\t\t\t\n  <div class=\"icon-box testimonial-box icon-box-center yorum-alani text-center\">\n                <div class=\"icon-box-img testimonial-image circle\" style=\"width: 175px\">\n                      <\/div>\n                <div class=\"icon-box-text p-last-0\">\n          <div class=\"star-rating\" role=\"img\" aria-label=\"Rated 5 out of 5\"><span style=\"width:100%\"><strong class=\"rating\"><\/strong><\/span><\/div>  \t\t\t\t<div class=\"testimonial-text line-height-small italic test_text first-reset last-reset is-italic\">\n            \n          <\/div>\n          <div class=\"testimonial-meta pt-half\">\n             <strong class=\"testimonial-name test_name\"><\/strong>\n                          <span class=\"testimonial-company test_company\"><\/span>\n          <\/div>\n        <\/div>\n  <\/div>\n\n  \n\t<div id=\"gap-577020171\" class=\"gap-element clearfix\" style=\"display:block; height:auto;\">\n\t\t\n<style>\n#gap-577020171 {\n  padding-top: 30px;\n}\n<\/style>\n\t<\/div>\n\t\n<p>Felicidades profesora, gracias por sus manos sanadoras como profesional de la salud \ud83d\ude4f\ud83c\udffb\ud83d\ude42<\/p>\n\t\t<\/div>\n\t\t\t\t\t<\/div>\n\n\t\n\n\t<div id=\"col-1533539162\" class=\"col medium-3 small-12 large-3\"  >\n\t\t\t\t<div class=\"col-inner\"  >\n\t\t\t\n\t\t\t\n  <div class=\"icon-box testimonial-box icon-box-center yorum-alani text-center\">\n                <div class=\"icon-box-img testimonial-image circle\" style=\"width: 175px\">\n                      <\/div>\n                <div class=\"icon-box-text p-last-0\">\n          <div class=\"star-rating\" role=\"img\" aria-label=\"Rated 5 out of 5\"><span style=\"width:100%\"><strong class=\"rating\"><\/strong><\/span><\/div>  \t\t\t\t<div class=\"testimonial-text line-height-small italic test_text first-reset last-reset is-italic\">\n            \n          <\/div>\n          <div class=\"testimonial-meta pt-half\">\n             <strong class=\"testimonial-name test_name\"><\/strong>\n                          <span class=\"testimonial-company test_company\"><\/span>\n          <\/div>\n        <\/div>\n  <\/div>\n\n  \n\t<div id=\"gap-199425088\" class=\"gap-element clearfix\" style=\"display:block; height:auto;\">\n\t\t\n<style>\n#gap-199425088 {\n  padding-top: 30px;\n}\n<\/style>\n\t<\/div>\n\t\n<p>Profesora, como su paciente quisiera decir esto: que Dios haga que todos los pacientes que buscan sanaci\u00f3n se encuentren con alguien como usted \ud83d\ude4f\ud83c\udffb\ud83d\ude4f\ud83c\udffb\ud83c\udf39\ud83e\uddff La queremos mucho \ud83e\udd70<\/p>\n\t\t<\/div>\n\t\t\t\t\t<\/div>\n\n\t\n\n\t<div id=\"col-1459821049\" class=\"col medium-3 small-12 large-3\"  >\n\t\t\t\t<div class=\"col-inner\"  >\n\t\t\t\n\t\t\t\n  <div class=\"icon-box testimonial-box icon-box-center yorum-alani text-center\">\n                <div class=\"icon-box-img testimonial-image circle\" style=\"width: 175px\">\n                      <\/div>\n                <div class=\"icon-box-text p-last-0\">\n          <div class=\"star-rating\" role=\"img\" aria-label=\"Rated 5 out of 5\"><span style=\"width:100%\"><strong class=\"rating\"><\/strong><\/span><\/div>  \t\t\t\t<div class=\"testimonial-text line-height-small italic test_text first-reset last-reset is-italic\">\n            \n          <\/div>\n          <div class=\"testimonial-meta pt-half\">\n             <strong class=\"testimonial-name test_name\"><\/strong>\n                          <span class=\"testimonial-company test_company\"><\/span>\n          <\/div>\n        <\/div>\n  <\/div>\n\n  \n\t<div id=\"gap-469186687\" class=\"gap-element clearfix\" style=\"display:block; height:auto;\">\n\t\t\n<style>\n#gap-469186687 {\n  padding-top: 30px;\n}\n<\/style>\n\t<\/div>\n\t\n<p>Profesora, realiz\u00f3 mi operaci\u00f3n en noviembre de 2021 en el Hospital Prof. Dr. Cemil Ta\u015f\u00e7\u0131o\u011flu. S\u00e9 que \u201cel m\u00e9rito merece reconocimiento\u201d. Ojal\u00e1 todos encuentren m\u00e9dicos como usted. Gracias por su esfuerzo \ud83d\ude0a<\/p>\n\t\t<\/div>\n\t\t\t\t\t<\/div>\n\n\t\n\n\t<div id=\"col-1893202817\" class=\"col medium-3 small-12 large-3\"  >\n\t\t\t\t<div class=\"col-inner\"  >\n\t\t\t\n\t\t\t\n  <div class=\"icon-box testimonial-box icon-box-center yorum-alani text-center\">\n                <div class=\"icon-box-img testimonial-image circle\" style=\"width: 175px\">\n                      <\/div>\n                <div class=\"icon-box-text p-last-0\">\n          <div class=\"star-rating\" role=\"img\" aria-label=\"Rated 5 out of 5\"><span style=\"width:100%\"><strong class=\"rating\"><\/strong><\/span><\/div>  \t\t\t\t<div class=\"testimonial-text line-height-small italic test_text first-reset last-reset is-italic\">\n            \n          <\/div>\n          <div class=\"testimonial-meta pt-half\">\n             <strong class=\"testimonial-name test_name\"><\/strong>\n                          <span class=\"testimonial-company test_company\"><\/span>\n          <\/div>\n        <\/div>\n  <\/div>\n\n  \n\t<div id=\"gap-117720362\" class=\"gap-element clearfix\" style=\"display:block; height:auto;\">\n\t\t\n<style>\n#gap-117720362 {\n  padding-top: 30px;\n}\n<\/style>\n\t<\/div>\n\t\n<p>La sigo con admiraci\u00f3n. Me queda mucho camino por recorrer para llegar siquiera a una d\u00e9cima parte de su nivel y espero tener la oportunidad de trabajar con usted en este camino. Se ha convertido para m\u00ed en un modelo a seguir, una raz\u00f3n para trabajar m\u00e1s y una fuente de inspiraci\u00f3n<\/p>\n\t\t<\/div>\n\t\t\t\t\t<\/div>\n\n\t\n\n\t<div id=\"col-714597674\" class=\"col medium-3 small-12 large-3\"  >\n\t\t\t\t<div class=\"col-inner\"  >\n\t\t\t\n\t\t\t\n  <div class=\"icon-box testimonial-box icon-box-center yorum-alani text-center\">\n                <div class=\"icon-box-img testimonial-image circle\" style=\"width: 175px\">\n                      <\/div>\n                <div class=\"icon-box-text p-last-0\">\n          <div class=\"star-rating\" role=\"img\" aria-label=\"Rated 5 out of 5\"><span style=\"width:100%\"><strong class=\"rating\"><\/strong><\/span><\/div>  \t\t\t\t<div class=\"testimonial-text line-height-small italic test_text first-reset last-reset is-italic\">\n            \n          <\/div>\n          <div class=\"testimonial-meta pt-half\">\n             <strong class=\"testimonial-name test_name\"><\/strong>\n                          <span class=\"testimonial-company test_company\"><\/span>\n          <\/div>\n        <\/div>\n  <\/div>\n\n  \n\t<div id=\"gap-966940651\" class=\"gap-element clearfix\" style=\"display:block; height:auto;\">\n\t\t\n<style>\n#gap-966940651 {\n  padding-top: 30px;\n}\n<\/style>\n\t<\/div>\n\t\n<p>A mi padre, debido a que ten\u00eda tres arterias coronarias obstruidas, le recomendaron un bypass. Mis amigos m\u00e9dicos me dijeron que la profesora Kadriye pod\u00eda abrirlas en cardiolog\u00eda intervencionista. En dos sesiones nos salv\u00f3 de una operaci\u00f3n de bypass. Profesora, por favor no se vaya al extranjero. Nuestro pa\u00eds necesita m\u00e9dicos expertos como usted. Qu\u00e9 bueno que existe. Vivo en Esmirna, los cardi\u00f3logos de aqu\u00ed hablan de usted con elogios \ud83d\ude0d<\/p>\n\t\t<\/div>\n\t\t\t\t\t<\/div>\n\n\t\n\n\t<div id=\"col-403798451\" class=\"col medium-3 small-12 large-3\"  >\n\t\t\t\t<div class=\"col-inner\"  >\n\t\t\t\n\t\t\t\n  <div class=\"icon-box testimonial-box icon-box-center yorum-alani text-center\">\n                <div class=\"icon-box-img testimonial-image circle\" style=\"width: 175px\">\n                      <\/div>\n                <div class=\"icon-box-text p-last-0\">\n          <div class=\"star-rating\" role=\"img\" aria-label=\"Rated 5 out of 5\"><span style=\"width:100%\"><strong class=\"rating\"><\/strong><\/span><\/div>  \t\t\t\t<div class=\"testimonial-text line-height-small italic test_text first-reset last-reset is-italic\">\n            \n          <\/div>\n          <div class=\"testimonial-meta pt-half\">\n             <strong class=\"testimonial-name test_name\"><\/strong>\n                          <span class=\"testimonial-company test_company\"><\/span>\n          <\/div>\n        <\/div>\n  <\/div>\n\n  \n\t<div id=\"gap-1365798067\" class=\"gap-element clearfix\" style=\"display:block; height:auto;\">\n\t\t\n<style>\n#gap-1365798067 {\n  padding-top: 30px;\n}\n<\/style>\n\t<\/div>\n\t\n<div class=\"kx2i0d\">\n<article class=\"VaHEVc\" aria-label=\"Rese\u00f1a\">\n<div class=\"noyJyc\">\n<div class=\"gyKkFe JhRJje Fv38Af\">\n<div id=\"ucc-1\" aria-expanded=\"true\">\n<div tabindex=\"-1\">Un conocimiento incre\u00edble, una experiencia magn\u00edfica. Aunque dijeron que un stent no funcionar\u00eda, dijo \u201cven, yo lo hago\u201d. Menos mal que fui. Le debo mi vida. Qu\u00e9 bueno que existe, profesora Kadriye<\/div>\n<\/div>\n<\/div>\n<\/div>\n<\/article>\n<\/div>\n\t\t<\/div>\n\t\t\t\t\t<\/div>\n\n\t\n\n<style>\n#row-1074455349 > .col > .col-inner {\n  padding: 0px 30px 20px 30px;\n  border-radius: 20px;\n}\n<\/style>\n<\/div>\n\t\t<\/div>\n\n\t\t\n<style>\n#section_1249270389 {\n  padding-top: 30px;\n  padding-bottom: 30px;\n}\n<\/style>\n\t<\/section>\n\t\n","protected":false},"excerpt":{"rendered":"","protected":false},"author":1,"featured_media":0,"parent":0,"menu_order":0,"comment_status":"closed","ping_status":"closed","template":"page-blank.php","meta":{"footnotes":""},"class_list":["post-1456","page","type-page","status-publish","hentry"],"_links":{"self":[{"href":"https:\/\/kadriyekilickesmez.com\/es\/wp-json\/wp\/v2\/pages\/1456","targetHints":{"allow":["GET"]}}],"collection":[{"href":"https:\/\/kadriyekilickesmez.com\/es\/wp-json\/wp\/v2\/pages"}],"about":[{"href":"https:\/\/kadriyekilickesmez.com\/es\/wp-json\/wp\/v2\/types\/page"}],"author":[{"embeddable":true,"href":"https:\/\/kadriyekilickesmez.com\/es\/wp-json\/wp\/v2\/users\/1"}],"replies":[{"embeddable":true,"href":"https:\/\/kadriyekilickesmez.com\/es\/wp-json\/wp\/v2\/comments?post=1456"}],"version-history":[{"count":3,"href":"https:\/\/kadriyekilickesmez.com\/es\/wp-json\/wp\/v2\/pages\/1456\/revisions"}],"predecessor-version":[{"id":1459,"href":"https:\/\/kadriyekilickesmez.com\/es\/wp-json\/wp\/v2\/pages\/1456\/revisions\/1459"}],"wp:attachment":[{"href":"https:\/\/kadriyekilickesmez.com\/es\/wp-json\/wp\/v2\/media?parent=1456"}],"curies":[{"name":"wp","href":"https:\/\/api.w.org\/{rel}","templated":true}]}}