{"id":1355,"date":"2024-05-15T13:10:12","date_gmt":"2024-05-15T10:10:12","guid":{"rendered":"https:\/\/kadriyekilickesmez.com\/?page_id=1355"},"modified":"2026-04-09T18:36:07","modified_gmt":"2026-04-09T15:36:07","slug":"sobre-mi","status":"publish","type":"page","link":"https:\/\/kadriyekilickesmez.com\/es\/sobre-mi\/","title":{"rendered":"Sobre m\u00ed"},"content":{"rendered":"\n\t<section class=\"section\" id=\"section_984849486\">\n\t\t<div class=\"section-bg fill\" >\n\t\t\t<img decoding=\"async\" width=\"1920\" height=\"300\" src=\"https:\/\/kadriyekilickesmez.com\/wp-content\/uploads\/2024\/05\/kadriyekilickesmez_banner.jpg\" class=\"bg attachment-2048x2048 size-2048x2048\" alt=\"\" title=\"\">\t\t\t\t\t\t\n\t\t\t\n\n\t\t<\/div>\n\n\t\t\n\n\t\t<div class=\"section-content relative\">\n\t\t\t\n<div class=\"row\"  id=\"row-8307379\">\n\n\t<div id=\"col-797933781\" class=\"col small-12 large-12\"  >\n\t\t\t\t<div class=\"col-inner\"  >\n\t\t\t\n\t\t\t\n  <div id=\"page-header-1158934328\" class=\"page-header-wrapper\">\n  <div class=\"page-title dark simple-title\">\n\n    \n    <div class=\"page-title-inner container align-center flex-row medium-flex-wrap\" >\n              <div class=\"title-wrapper is-larger flex-col text-left medium-text-center\">\n          <h1 class=\"entry-title mb-0\">\n            Sobre m\u00ed          <\/h1>\n        <\/div>\n                    <div class=\"title-content flex-col flex-right text-right medium-text-center\">\n        <div class=\"title-breadcrumbs pb-half pt-half\"><\/div>      <\/div>\n    <\/div>\n\n       <\/div>\n    <\/div>\n  \n\t\t<\/div>\n\t\t\t\t\t<\/div>\n\n\t\n<\/div>\n\t\t<\/div>\n\n\t\t\n<style>\n#section_984849486 {\n  padding-top: 30px;\n  padding-bottom: 30px;\n}\n<\/style>\n\t<\/section>\n\t\n\n\t<section class=\"section\" id=\"section_2055635233\">\n\t\t<div class=\"section-bg fill\" >\n\t\t\t\t\t\t\t\t\t\n\t\t\t\n\n\t\t<\/div>\n\n\t\t\n\n\t\t<div class=\"section-content relative\">\n\t\t\t\n<div class=\"row align-middle\"  id=\"row-17143295\">\n\n\t<div id=\"col-1330560605\" class=\"col medium-6 small-12 large-6\"  >\n\t\t\t\t<div class=\"col-inner\"  >\n\t\t\t\n\t\t\t\n\t<div class=\"box has-hover   has-hover box-text-bottom\" >\n\n\t\t<div class=\"box-image\" style=\"border-radius:10%;width:80%;\">\n\t\t\t\t\t\t<div class=\"\" >\n\t\t\t\t<img decoding=\"async\" width=\"810\" height=\"1080\" src=\"https:\/\/kadriyekilickesmez.com\/wp-content\/uploads\/2024\/06\/DSC_7286-1.webp\" class=\"attachment-2048x2048 size-2048x2048\" alt=\"\" srcset=\"https:\/\/kadriyekilickesmez.com\/wp-content\/uploads\/2024\/06\/DSC_7286-1.webp 810w, https:\/\/kadriyekilickesmez.com\/wp-content\/uploads\/2024\/06\/DSC_7286-1-300x400.webp 300w, https:\/\/kadriyekilickesmez.com\/wp-content\/uploads\/2024\/06\/DSC_7286-1-768x1024.webp 768w\" sizes=\"(max-width: 810px) 100vw, 810px\" title=\"\">\t\t\t\t\t\t\t\t\t\t\t<\/div>\n\t\t\t\t\t<\/div>\n\n\t\t<div class=\"box-text text-center\" >\n\t\t\t<div class=\"box-text-inner\">\n\t\t\t\t\n\t\t\t<\/div>\n\t\t<\/div>\n\t<\/div>\n\t\n\t\t<\/div>\n\t\t\t\t\t<\/div>\n\n\t\n\n\t<div id=\"col-1712507297\" class=\"col medium-6 small-12 large-6 small-col-first\"  >\n\t\t\t\t<div class=\"col-inner\"  >\n\t\t\t\n\t\t\t\n<p><span style=\"font-weight: 400;\">Prof. Dra. Kadriye Orta K\u0131l\u0131\u00e7kesmez es una de las figuras destacadas en el campo de la cardiolog\u00eda en Turqu\u00eda. Naci\u00f3 el 24 de enero de 1974 en Tekirda\u011f. Tras completar su formaci\u00f3n universitaria en la Facultad de Medicina Cerrahpa\u015fa de la Universidad de Estambul, eligi\u00f3 la cardiolog\u00eda como especialidad y realiz\u00f3 su formaci\u00f3n especializada en el Instituto de Cardiolog\u00eda de la misma universidad.<\/span><\/p>\n<p><span style=\"font-weight: 400;\">Despu\u00e9s de trabajar durante un breve per\u00edodo en el Hospital Estatal de \u00c7orlu y en el Hospital de Servicio de la Fundaci\u00f3n Turca del Ri\u00f1\u00f3n, regres\u00f3 al Instituto de Cardiolog\u00eda de la Universidad de Estambul. Kadriye K\u0131l\u0131\u00e7kesmez, que continu\u00f3 all\u00ed su carrera acad\u00e9mica, se convirti\u00f3 en profesora asociada en 2012. Posteriormente, en Londres <\/span><span style=\"font-weight: 400;\">trabaj\u00f3 en el Royal Brompton Hospital en intervenciones coronarias complejas, imagen intracoronaria CTO y enfermedades card\u00edacas estructurales, y escribi\u00f3 art\u00edculos cient\u00edficos. En 2015, fue designada por la universidad para fundar la cl\u00ednica de cardiolog\u00eda y el laboratorio de angiograf\u00eda de \u015ei\u015fli Etfal. Kadriye K\u0131l\u0131\u00e7kesmez, quien se convirti\u00f3 en profesora en 2017, fund\u00f3 en 2020 la cl\u00ednica de cardiolog\u00eda y el laboratorio de angiograf\u00eda del Hospital Municipal Prof. Dr. Cemil Ta\u015fc\u0131o\u011flu y asegur\u00f3 que la cl\u00ednica se convirtiera en una cl\u00ednica de formaci\u00f3n.<\/span><\/p>\n<p><span style=\"font-weight: 400;\">K\u0131l\u0131\u00e7kesmez es conocida por sus contribuciones y logros en los trabajos cient\u00edficos y es miembro de numerosas organizaciones cient\u00edficas nacionales e internacionales. Tiene membres\u00edas activas en organizaciones como la Sociedad Turca de Cardiolog\u00eda y la Asociaci\u00f3n M\u00e9dica Turca. Adem\u00e1s, act\u00faa como revisora en revistas internacionales y ha desempe\u00f1ado el cargo de editora adjunta en el Archivo de la Sociedad Turca de Cardiolog\u00eda.<\/span><\/p>\n<p><span style=\"font-weight: 400;\">K\u0131l\u0131\u00e7kesmez, que tambi\u00e9n destaca por sus premios y logros, ha ganado dos premios de exposici\u00f3n de p\u00f3steres cient\u00edficos en los Congresos Nacionales de Cardiolog\u00eda. Adem\u00e1s, en los \u00faltimos a\u00f1os ha asumido un papel importante en el \u00e1mbito acad\u00e9mico con las clases impartidas a nivel de grado y posgrado. Ha impartido clases sobre temas como stents coronarios reabsorbibles, imagen intracoronaria y t\u00e9cnicas de stent en bifurcaciones coronarias, guiando a los estudiantes.<\/span><\/p>\n<p><span style=\"font-weight: 400;\">Es proctor (formadora) y consultora en enfermedades card\u00edacas estructurales e intervenciones coronarias complejas. Es decir, proporciona formaci\u00f3n certificada sobre t\u00e9cnicas intervencionistas a cardi\u00f3logos en nuestro pa\u00eds y en pa\u00edses vecinos. Al mismo tiempo, organiza cursos y talleres sobre intervenciones coronarias y estructurales para sus colegas tanto a nivel nacional como internacional.<\/span><\/p>\n\t\t<\/div>\n\t\t\t\t\t<\/div>\n\n\t\n\n\t<div id=\"col-2109166238\" class=\"col small-12 large-12\"  >\n\t\t\t\t<div class=\"col-inner\"  >\n\t\t\t\n\t\t\t\n<p>K\u0131l\u0131\u00e7kesmez, que tambi\u00e9n destaca por sus premios y logros, ha ganado dos premios de exposici\u00f3n de p\u00f3steres cient\u00edficos en los Congresos Nacionales de Cardiolog\u00eda. Adem\u00e1s, en los \u00faltimos a\u00f1os ha asumido un papel importante en el \u00e1mbito acad\u00e9mico con las clases impartidas a nivel de grado y posgrado. Ha impartido clases sobre temas como stents coronarios reabsorbibles, imagen intracoronaria y t\u00e9cnicas de stent en bifurcaciones coronarias, guiando a los estudiantes.<\/p>\n<p><strong>Membres\u00edas en organizaciones cient\u00edficas: <\/strong><\/p>\n<ul>\n<li>Sociedad Turca de Cardiolog\u00eda<\/li>\n<li>Asociaci\u00f3n M\u00e9dica Turca<\/li>\n<\/ul>\n<p><strong>Premios:<\/strong><\/p>\n<ul>\n<li>Two Scientific Poster Exhibit Awards in the National Congress of Cardiology 2002-2010<\/li>\n<\/ul>\n\t\t<\/div>\n\t\t\t\t\t<\/div>\n\n\t\n\n\t<div id=\"col-675343590\" class=\"col medium-4 small-12 large-4\"  >\n\t\t\t\t<div class=\"col-inner\"  >\n\t\t\t\n\t\t\t\n<a class=\"button secondary lowercase expand\" style=\"border-radius:10px;\">\n\t\t<span>Art\u00edculos acad\u00e9micos<\/span>\n\t<\/a>\n\n\t\t<\/div>\n\t\t\t\t\t<\/div>\n\n\t\n<\/div>\n\t\t<\/div>\n\n\t\t\n<style>\n#section_2055635233 {\n  padding-top: 30px;\n  padding-bottom: 30px;\n}\n<\/style>\n\t<\/section>\n\t\n","protected":false},"excerpt":{"rendered":"","protected":false},"author":1,"featured_media":0,"parent":0,"menu_order":0,"comment_status":"closed","ping_status":"closed","template":"page-blank.php","meta":{"footnotes":""},"class_list":["post-1355","page","type-page","status-publish","hentry"],"_links":{"self":[{"href":"https:\/\/kadriyekilickesmez.com\/es\/wp-json\/wp\/v2\/pages\/1355","targetHints":{"allow":["GET"]}}],"collection":[{"href":"https:\/\/kadriyekilickesmez.com\/es\/wp-json\/wp\/v2\/pages"}],"about":[{"href":"https:\/\/kadriyekilickesmez.com\/es\/wp-json\/wp\/v2\/types\/page"}],"author":[{"embeddable":true,"href":"https:\/\/kadriyekilickesmez.com\/es\/wp-json\/wp\/v2\/users\/1"}],"replies":[{"embeddable":true,"href":"https:\/\/kadriyekilickesmez.com\/es\/wp-json\/wp\/v2\/comments?post=1355"}],"version-history":[{"count":3,"href":"https:\/\/kadriyekilickesmez.com\/es\/wp-json\/wp\/v2\/pages\/1355\/revisions"}],"predecessor-version":[{"id":1358,"href":"https:\/\/kadriyekilickesmez.com\/es\/wp-json\/wp\/v2\/pages\/1355\/revisions\/1358"}],"wp:attachment":[{"href":"https:\/\/kadriyekilickesmez.com\/es\/wp-json\/wp\/v2\/media?parent=1355"}],"curies":[{"name":"wp","href":"https:\/\/api.w.org\/{rel}","templated":true}]}}