{"id":1449,"date":"2024-07-22T20:48:57","date_gmt":"2024-07-22T17:48:57","guid":{"rendered":"https:\/\/kadriyekilickesmez.com\/?page_id=1449"},"modified":"2026-04-10T14:12:08","modified_gmt":"2026-04-10T11:12:08","slug":"rueckmeldungen-von-ihnen","status":"publish","type":"page","link":"https:\/\/kadriyekilickesmez.com\/de\/rueckmeldungen-von-ihnen\/","title":{"rendered":"R\u00fcckmeldungen von Ihnen"},"content":{"rendered":"\n\t<section class=\"section\" id=\"section_487007316\">\n\t\t<div class=\"section-bg fill\" >\n\t\t\t<img decoding=\"async\" width=\"1920\" height=\"300\" src=\"https:\/\/kadriyekilickesmez.com\/wp-content\/uploads\/2024\/05\/kadriyekilickesmez_banner.jpg\" class=\"bg attachment-2048x2048 size-2048x2048\" alt=\"\" title=\"\">\t\t\t\t\t\t\n\t\t\t\n\n\t\t<\/div>\n\n\t\t\n\n\t\t<div class=\"section-content relative\">\n\t\t\t\n<div class=\"row\"  id=\"row-1463384970\">\n\n\t<div id=\"col-444036367\" class=\"col small-12 large-12\"  >\n\t\t\t\t<div class=\"col-inner\"  >\n\t\t\t\n\t\t\t\n  <div id=\"page-header-1307970889\" class=\"page-header-wrapper\">\n  <div class=\"page-title dark simple-title\">\n\n    \n    <div class=\"page-title-inner container align-center flex-row medium-flex-wrap\" >\n              <div class=\"title-wrapper is-larger flex-col text-left medium-text-center\">\n          <h1 class=\"entry-title mb-0\">\n            R\u00fcckmeldungen von Ihnen          <\/h1>\n        <\/div>\n                    <div class=\"title-content flex-col flex-right text-right medium-text-center\">\n        <div class=\"title-breadcrumbs pb-half pt-half\"><\/div>      <\/div>\n    <\/div>\n\n       <\/div>\n    <\/div>\n  \n\t\t<\/div>\n\t\t\t\t\t<\/div>\n\n\t\n<\/div>\n\t\t<\/div>\n\n\t\t\n<style>\n#section_487007316 {\n  padding-top: 30px;\n  padding-bottom: 30px;\n}\n<\/style>\n\t<\/section>\n\t\n\n\t<section class=\"section\" id=\"section_221717216\">\n\t\t<div class=\"section-bg fill\" >\n\t\t\t\t\t\t\t\t\t\n\t\t\t\n\n\t\t<\/div>\n\n\t\t\n\n\t\t<div class=\"section-content relative\">\n\t\t\t\n<div class=\"row align-equal row-box-shadow-3 row-box-shadow-4-hover\"  id=\"row-2054157765\">\n\n\t<div id=\"col-1613791484\" class=\"col medium-3 small-12 large-3\"  >\n\t\t\t\t<div class=\"col-inner\"  >\n\t\t\t\n\t\t\t\n  <div class=\"icon-box testimonial-box icon-box-center yorum-alani text-center\">\n                <div class=\"icon-box-img testimonial-image circle\" style=\"width: 175px\">\n                      <\/div>\n                <div class=\"icon-box-text p-last-0\">\n          <div class=\"star-rating\" role=\"img\" aria-label=\"Rated 5 out of 5\"><span style=\"width:100%\"><strong class=\"rating\"><\/strong><\/span><\/div>  \t\t\t\t<div class=\"testimonial-text line-height-small italic test_text first-reset last-reset is-italic\">\n            \n          <\/div>\n          <div class=\"testimonial-meta pt-half\">\n             <strong class=\"testimonial-name test_name\"><\/strong>\n                          <span class=\"testimonial-company test_company\"><\/span>\n          <\/div>\n        <\/div>\n  <\/div>\n\n  \n\t<div id=\"gap-1635608904\" class=\"gap-element clearfix\" style=\"display:block; height:auto;\">\n\t\t\n<style>\n#gap-1635608904 {\n  padding-top: 30px;\n}\n<\/style>\n\t<\/div>\n\t\n<p>Ach, wer wei\u00df das nicht, auch ich hatte einen 5-fachen Bypass, das ist riskant, sie hat mich ins Leben zur\u00fcckgebracht, wir sind ihr dankbar, ich bin Bewohner des Ruhestandsheims der Rentenkasse in Etiler, die Bewohner hier wissen das, m\u00f6ge Gott bei ihr sein<\/p>\n\t\t<\/div>\n\t\t\t\t\t<\/div>\n\n\t\n\n\t<div id=\"col-396137219\" class=\"col medium-3 small-12 large-3\"  >\n\t\t\t\t<div class=\"col-inner\"  >\n\t\t\t\n\t\t\t\n  <div class=\"icon-box testimonial-box icon-box-center yorum-alani text-center\">\n                <div class=\"icon-box-img testimonial-image circle\" style=\"width: 175px\">\n                      <\/div>\n                <div class=\"icon-box-text p-last-0\">\n          <div class=\"star-rating\" role=\"img\" aria-label=\"Rated 5 out of 5\"><span style=\"width:100%\"><strong class=\"rating\"><\/strong><\/span><\/div>  \t\t\t\t<div class=\"testimonial-text line-height-small italic test_text first-reset last-reset is-italic\">\n            \n          <\/div>\n          <div class=\"testimonial-meta pt-half\">\n             <strong class=\"testimonial-name test_name\"><\/strong>\n                          <span class=\"testimonial-company test_company\"><\/span>\n          <\/div>\n        <\/div>\n  <\/div>\n\n  \n\t<div id=\"gap-877838637\" class=\"gap-element clearfix\" style=\"display:block; height:auto;\">\n\t\t\n<style>\n#gap-877838637 {\n  padding-top: 30px;\n}\n<\/style>\n\t<\/div>\n\t\n<p>Sie haben das gleiche Verfahren vor zwei Jahren bei meiner Frau angewendet, wir sind Ihnen sehr dankbar, Sie sind immer in unseren Gebeten, zum Gl\u00fcck gibt es Sie \ud83d\udcaa\ud83e\udd32unendlichen Dank, mit Respekt<\/p>\n\t\t<\/div>\n\t\t\t\t\t<\/div>\n\n\t\n\n\t<div id=\"col-2123059633\" class=\"col medium-3 small-12 large-3\"  >\n\t\t\t\t<div class=\"col-inner\"  >\n\t\t\t\n\t\t\t\n  <div class=\"icon-box testimonial-box icon-box-center yorum-alani text-center\">\n                <div class=\"icon-box-img testimonial-image circle\" style=\"width: 175px\">\n                      <\/div>\n                <div class=\"icon-box-text p-last-0\">\n          <div class=\"star-rating\" role=\"img\" aria-label=\"Rated 5 out of 5\"><span style=\"width:100%\"><strong class=\"rating\"><\/strong><\/span><\/div>  \t\t\t\t<div class=\"testimonial-text line-height-small italic test_text first-reset last-reset is-italic\">\n            \n          <\/div>\n          <div class=\"testimonial-meta pt-half\">\n             <strong class=\"testimonial-name test_name\"><\/strong>\n                          <span class=\"testimonial-company test_company\"><\/span>\n          <\/div>\n        <\/div>\n  <\/div>\n\n  \n\t<div id=\"gap-2095339384\" class=\"gap-element clearfix\" style=\"display:block; height:auto;\">\n\t\t\n<style>\n#gap-2095339384 {\n  padding-top: 30px;\n}\n<\/style>\n\t<\/div>\n\t\n<p>Sowohl als Mensch als auch als \u00c4rztin sehr gut, sie hat in Okmeydan\u0131 sowohl an meinen Herzgef\u00e4\u00dfen als auch an meinen Beinarterien eingegriffen, ich bin dankbar<\/p>\n\t\t<\/div>\n\t\t\t\t\t<\/div>\n\n\t\n\n\t<div id=\"col-1970856647\" class=\"col medium-3 small-12 large-3\"  >\n\t\t\t\t<div class=\"col-inner\"  >\n\t\t\t\n\t\t\t\n  <div class=\"icon-box testimonial-box icon-box-center yorum-alani text-center\">\n                <div class=\"icon-box-img testimonial-image circle\" style=\"width: 175px\">\n                      <\/div>\n                <div class=\"icon-box-text p-last-0\">\n          <div class=\"star-rating\" role=\"img\" aria-label=\"Rated 5 out of 5\"><span style=\"width:100%\"><strong class=\"rating\"><\/strong><\/span><\/div>  \t\t\t\t<div class=\"testimonial-text line-height-small italic test_text first-reset last-reset is-italic\">\n            \n          <\/div>\n          <div class=\"testimonial-meta pt-half\">\n             <strong class=\"testimonial-name test_name\"><\/strong>\n                          <span class=\"testimonial-company test_company\"><\/span>\n          <\/div>\n        <\/div>\n  <\/div>\n\n  \n\t<div id=\"gap-1458075238\" class=\"gap-element clearfix\" style=\"display:block; height:auto;\">\n\t\t\n<style>\n#gap-1458075238 {\n  padding-top: 30px;\n}\n<\/style>\n\t<\/div>\n\t\n<p>Mit der von Ihnen angewandten Methode haben Sie mir das Leben geschenkt, ich bin Ihnen dankbar, danke f\u00fcr Ihre H\u00e4nde, m\u00f6ge Ihr Weg offen sein, ich bin Ihnen dankbar, meine Professorin \u2764\ufe0f\u2764\ufe0f<\/p>\n\t\t<\/div>\n\t\t\t\t\t<\/div>\n\n\t\n\n\t<div id=\"col-425456749\" class=\"col medium-3 small-12 large-3\"  >\n\t\t\t\t<div class=\"col-inner\"  >\n\t\t\t\n\t\t\t\n  <div class=\"icon-box testimonial-box icon-box-center yorum-alani text-center\">\n                <div class=\"icon-box-img testimonial-image circle\" style=\"width: 175px\">\n                      <\/div>\n                <div class=\"icon-box-text p-last-0\">\n          <div class=\"star-rating\" role=\"img\" aria-label=\"Rated 5 out of 5\"><span style=\"width:100%\"><strong class=\"rating\"><\/strong><\/span><\/div>  \t\t\t\t<div class=\"testimonial-text line-height-small italic test_text first-reset last-reset is-italic\">\n            \n          <\/div>\n          <div class=\"testimonial-meta pt-half\">\n             <strong class=\"testimonial-name test_name\"><\/strong>\n                          <span class=\"testimonial-company test_company\"><\/span>\n          <\/div>\n        <\/div>\n  <\/div>\n\n  \n\t<div id=\"gap-101534930\" class=\"gap-element clearfix\" style=\"display:block; height:auto;\">\n\t\t\n<style>\n#gap-101534930 {\n  padding-top: 30px;\n}\n<\/style>\n\t<\/div>\n\t\n<p>Professorin, gut dass es Sie gibt, m\u00f6ge Gott mit Ihnen zufrieden sein, danke f\u00fcr Ihre H\u00e4nde, dank Ihnen geht es mir sehr gut, ich w\u00fcnsche Ihnen Erfolg, ein gesundes, gl\u00fcckliches und gesegnetes Leben<\/p>\n\t\t<\/div>\n\t\t\t\t\t<\/div>\n\n\t\n\n\t<div id=\"col-19024840\" class=\"col medium-3 small-12 large-3\"  >\n\t\t\t\t<div class=\"col-inner\"  >\n\t\t\t\n\t\t\t\n  <div class=\"icon-box testimonial-box icon-box-center yorum-alani text-center\">\n                <div class=\"icon-box-img testimonial-image circle\" style=\"width: 175px\">\n                      <\/div>\n                <div class=\"icon-box-text p-last-0\">\n          <div class=\"star-rating\" role=\"img\" aria-label=\"Rated 5 out of 5\"><span style=\"width:100%\"><strong class=\"rating\"><\/strong><\/span><\/div>  \t\t\t\t<div class=\"testimonial-text line-height-small italic test_text first-reset last-reset is-italic\">\n            \n          <\/div>\n          <div class=\"testimonial-meta pt-half\">\n             <strong class=\"testimonial-name test_name\"><\/strong>\n                          <span class=\"testimonial-company test_company\"><\/span>\n          <\/div>\n        <\/div>\n  <\/div>\n\n  \n\t<div id=\"gap-846908712\" class=\"gap-element clearfix\" style=\"display:block; height:auto;\">\n\t\t\n<style>\n#gap-846908712 {\n  padding-top: 30px;\n}\n<\/style>\n\t<\/div>\n\t\n<p>Sie hat meine Frau mit dieser Methode operiert. Es verlief genau wie beschrieben. Wir sind sehr zufrieden. M\u00f6ge Gott Sie segnen. M\u00f6ge Ihr Weg offen sein.<\/p>\n\t\t<\/div>\n\t\t\t\t\t<\/div>\n\n\t\n\n\t<div id=\"col-2055760401\" class=\"col medium-3 small-12 large-3\"  >\n\t\t\t\t<div class=\"col-inner\"  >\n\t\t\t\n\t\t\t\n  <div class=\"icon-box testimonial-box icon-box-center yorum-alani text-center\">\n                <div class=\"icon-box-img testimonial-image circle\" style=\"width: 175px\">\n                      <\/div>\n                <div class=\"icon-box-text p-last-0\">\n          <div class=\"star-rating\" role=\"img\" aria-label=\"Rated 5 out of 5\"><span style=\"width:100%\"><strong class=\"rating\"><\/strong><\/span><\/div>  \t\t\t\t<div class=\"testimonial-text line-height-small italic test_text first-reset last-reset is-italic\">\n            \n          <\/div>\n          <div class=\"testimonial-meta pt-half\">\n             <strong class=\"testimonial-name test_name\"><\/strong>\n                          <span class=\"testimonial-company test_company\"><\/span>\n          <\/div>\n        <\/div>\n  <\/div>\n\n  \n\t<div id=\"gap-1283552503\" class=\"gap-element clearfix\" style=\"display:block; height:auto;\">\n\t\t\n<style>\n#gap-1283552503 {\n  padding-top: 30px;\n}\n<\/style>\n\t<\/div>\n\t\n<p>Professorin, ich bin Ihnen dankbar, Sie haben mein vollst\u00e4ndig verschlossenes Gef\u00e4\u00df ge\u00f6ffnet, dank Ihnen habe ich meine Gesundheit wiedererlangt \ud83d\udc90\ud83d\ude4f\ud83c\udffb\ud83e\uddff<\/p>\n\t\t<\/div>\n\t\t\t\t\t<\/div>\n\n\t\n\n\t<div id=\"col-1494948467\" class=\"col medium-3 small-12 large-3\"  >\n\t\t\t\t<div class=\"col-inner\"  >\n\t\t\t\n\t\t\t\n  <div class=\"icon-box testimonial-box icon-box-center yorum-alani text-center\">\n                <div class=\"icon-box-img testimonial-image circle\" style=\"width: 175px\">\n                      <\/div>\n                <div class=\"icon-box-text p-last-0\">\n          <div class=\"star-rating\" role=\"img\" aria-label=\"Rated 5 out of 5\"><span style=\"width:100%\"><strong class=\"rating\"><\/strong><\/span><\/div>  \t\t\t\t<div class=\"testimonial-text line-height-small italic test_text first-reset last-reset is-italic\">\n            \n          <\/div>\n          <div class=\"testimonial-meta pt-half\">\n             <strong class=\"testimonial-name test_name\"><\/strong>\n                          <span class=\"testimonial-company test_company\"><\/span>\n          <\/div>\n        <\/div>\n  <\/div>\n\n  \n\t<div id=\"gap-100392408\" class=\"gap-element clearfix\" style=\"display:block; height:auto;\">\n\t\t\n<style>\n#gap-100392408 {\n  padding-top: 30px;\n}\n<\/style>\n\t<\/div>\n\t\n<p>Herzlichen Gl\u00fcckwunsch, Professorin, danke f\u00fcr Ihre heilenden H\u00e4nde als medizinische Fachkraft \ud83d\ude4f\ud83c\udffb\ud83d\ude42<\/p>\n\t\t<\/div>\n\t\t\t\t\t<\/div>\n\n\t\n\n\t<div id=\"col-865152444\" class=\"col medium-3 small-12 large-3\"  >\n\t\t\t\t<div class=\"col-inner\"  >\n\t\t\t\n\t\t\t\n  <div class=\"icon-box testimonial-box icon-box-center yorum-alani text-center\">\n                <div class=\"icon-box-img testimonial-image circle\" style=\"width: 175px\">\n                      <\/div>\n                <div class=\"icon-box-text p-last-0\">\n          <div class=\"star-rating\" role=\"img\" aria-label=\"Rated 5 out of 5\"><span style=\"width:100%\"><strong class=\"rating\"><\/strong><\/span><\/div>  \t\t\t\t<div class=\"testimonial-text line-height-small italic test_text first-reset last-reset is-italic\">\n            \n          <\/div>\n          <div class=\"testimonial-meta pt-half\">\n             <strong class=\"testimonial-name test_name\"><\/strong>\n                          <span class=\"testimonial-company test_company\"><\/span>\n          <\/div>\n        <\/div>\n  <\/div>\n\n  \n\t<div id=\"gap-1895237784\" class=\"gap-element clearfix\" style=\"display:block; height:auto;\">\n\t\t\n<style>\n#gap-1895237784 {\n  padding-top: 30px;\n}\n<\/style>\n\t<\/div>\n\t\n<p>Professorin, als Ihr Patient m\u00f6chte ich sagen: M\u00f6ge Gott allen Patienten, die Heilung suchen, jemanden wie Sie begegnen lassen \ud83d\ude4f\ud83c\udffb\ud83d\ude4f\ud83c\udffb\ud83c\udf39\ud83e\uddff Wir lieben Sie sehr \ud83e\udd70<\/p>\n\t\t<\/div>\n\t\t\t\t\t<\/div>\n\n\t\n\n\t<div id=\"col-1425690376\" class=\"col medium-3 small-12 large-3\"  >\n\t\t\t\t<div class=\"col-inner\"  >\n\t\t\t\n\t\t\t\n  <div class=\"icon-box testimonial-box icon-box-center yorum-alani text-center\">\n                <div class=\"icon-box-img testimonial-image circle\" style=\"width: 175px\">\n                      <\/div>\n                <div class=\"icon-box-text p-last-0\">\n          <div class=\"star-rating\" role=\"img\" aria-label=\"Rated 5 out of 5\"><span style=\"width:100%\"><strong class=\"rating\"><\/strong><\/span><\/div>  \t\t\t\t<div class=\"testimonial-text line-height-small italic test_text first-reset last-reset is-italic\">\n            \n          <\/div>\n          <div class=\"testimonial-meta pt-half\">\n             <strong class=\"testimonial-name test_name\"><\/strong>\n                          <span class=\"testimonial-company test_company\"><\/span>\n          <\/div>\n        <\/div>\n  <\/div>\n\n  \n\t<div id=\"gap-856418498\" class=\"gap-element clearfix\" style=\"display:block; height:auto;\">\n\t\t\n<style>\n#gap-856418498 {\n  padding-top: 30px;\n}\n<\/style>\n\t<\/div>\n\t\n<p>Professorin, Sie haben meine Operation im November 2021 im Prof. Dr. Cemil Ta\u015f\u00e7\u0131o\u011flu Krankenhaus durchgef\u00fchrt. Ich wei\u00df, dass \u201eVerdienst Anerkennung verdient\u201c. M\u00f6ge jeder \u00c4rzte wie Sie treffen. Vielen Dank f\u00fcr Ihre M\u00fche \ud83d\ude0a<\/p>\n\t\t<\/div>\n\t\t\t\t\t<\/div>\n\n\t\n\n\t<div id=\"col-117504741\" class=\"col medium-3 small-12 large-3\"  >\n\t\t\t\t<div class=\"col-inner\"  >\n\t\t\t\n\t\t\t\n  <div class=\"icon-box testimonial-box icon-box-center yorum-alani text-center\">\n                <div class=\"icon-box-img testimonial-image circle\" style=\"width: 175px\">\n                      <\/div>\n                <div class=\"icon-box-text p-last-0\">\n          <div class=\"star-rating\" role=\"img\" aria-label=\"Rated 5 out of 5\"><span style=\"width:100%\"><strong class=\"rating\"><\/strong><\/span><\/div>  \t\t\t\t<div class=\"testimonial-text line-height-small italic test_text first-reset last-reset is-italic\">\n            \n          <\/div>\n          <div class=\"testimonial-meta pt-half\">\n             <strong class=\"testimonial-name test_name\"><\/strong>\n                          <span class=\"testimonial-company test_company\"><\/span>\n          <\/div>\n        <\/div>\n  <\/div>\n\n  \n\t<div id=\"gap-1304504058\" class=\"gap-element clearfix\" style=\"display:block; height:auto;\">\n\t\t\n<style>\n#gap-1304504058 {\n  padding-top: 30px;\n}\n<\/style>\n\t<\/div>\n\t\n<p>Ich verfolge Sie mit Bewunderung. Ich habe noch einen langen Weg vor mir, um auch nur ein Zehntel Ihres Niveaus zu erreichen, und ich hoffe, dass ich auf diesem Weg die M\u00f6glichkeit habe, mit Ihnen zu arbeiten. Sie sind f\u00fcr mich ein Vorbild, ein Grund, mehr zu arbeiten, und eine Inspirationsquelle geworden<\/p>\n\t\t<\/div>\n\t\t\t\t\t<\/div>\n\n\t\n\n\t<div id=\"col-1684847112\" class=\"col medium-3 small-12 large-3\"  >\n\t\t\t\t<div class=\"col-inner\"  >\n\t\t\t\n\t\t\t\n  <div class=\"icon-box testimonial-box icon-box-center yorum-alani text-center\">\n                <div class=\"icon-box-img testimonial-image circle\" style=\"width: 175px\">\n                      <\/div>\n                <div class=\"icon-box-text p-last-0\">\n          <div class=\"star-rating\" role=\"img\" aria-label=\"Rated 5 out of 5\"><span style=\"width:100%\"><strong class=\"rating\"><\/strong><\/span><\/div>  \t\t\t\t<div class=\"testimonial-text line-height-small italic test_text first-reset last-reset is-italic\">\n            \n          <\/div>\n          <div class=\"testimonial-meta pt-half\">\n             <strong class=\"testimonial-name test_name\"><\/strong>\n                          <span class=\"testimonial-company test_company\"><\/span>\n          <\/div>\n        <\/div>\n  <\/div>\n\n  \n\t<div id=\"gap-175911076\" class=\"gap-element clearfix\" style=\"display:block; height:auto;\">\n\t\t\n<style>\n#gap-175911076 {\n  padding-top: 30px;\n}\n<\/style>\n\t<\/div>\n\t\n<p>Meinem Vater wurde aufgrund von drei verstopften Koronararterien ein Bypass empfohlen. \u00c4rzte sagten mir, dass Professor Kadriye diese in der interventionellen Kardiologie \u00f6ffnen k\u00f6nne. In zwei Sitzungen hat sie uns vor einer Bypass-Operation bewahrt. Bitte gehen Sie nicht ins Ausland, Professorin. Unser Land braucht herausragende \u00c4rztinnen wie Sie. Gut, dass es Sie gibt. Ich lebe in Izmir, die Kardiologen hier sprechen sehr lobend \u00fcber Sie \ud83d\ude0d<\/p>\n\t\t<\/div>\n\t\t\t\t\t<\/div>\n\n\t\n\n\t<div id=\"col-1317534186\" class=\"col medium-3 small-12 large-3\"  >\n\t\t\t\t<div class=\"col-inner\"  >\n\t\t\t\n\t\t\t\n  <div class=\"icon-box testimonial-box icon-box-center yorum-alani text-center\">\n                <div class=\"icon-box-img testimonial-image circle\" style=\"width: 175px\">\n                      <\/div>\n                <div class=\"icon-box-text p-last-0\">\n          <div class=\"star-rating\" role=\"img\" aria-label=\"Rated 5 out of 5\"><span style=\"width:100%\"><strong class=\"rating\"><\/strong><\/span><\/div>  \t\t\t\t<div class=\"testimonial-text line-height-small italic test_text first-reset last-reset is-italic\">\n            \n          <\/div>\n          <div class=\"testimonial-meta pt-half\">\n             <strong class=\"testimonial-name test_name\"><\/strong>\n                          <span class=\"testimonial-company test_company\"><\/span>\n          <\/div>\n        <\/div>\n  <\/div>\n\n  \n\t<div id=\"gap-1617823979\" class=\"gap-element clearfix\" style=\"display:block; height:auto;\">\n\t\t\n<style>\n#gap-1617823979 {\n  padding-top: 30px;\n}\n<\/style>\n\t<\/div>\n\t\n<div class=\"kx2i0d\">\n<article class=\"VaHEVc\" aria-label=\"Bewertung\">\n<div class=\"noyJyc\">\n<div class=\"gyKkFe JhRJje Fv38Af\">\n<div id=\"ucc-1\" aria-expanded=\"true\">\n<div tabindex=\"-1\">Unglaubliches Wissen, gro\u00dfartige Erfahrung. Obwohl gesagt wurde, dass ein Stent hier nicht m\u00f6glich sei, sagte sie: \u201eKomm, ich mache das.\u201c Zum Gl\u00fcck bin ich gegangen. Ich verdanke dir mein Leben. Gut, dass es dich gibt, Professorin Kadriye<\/div>\n<\/div>\n<\/div>\n<\/div>\n<\/article>\n<\/div>\n\t\t<\/div>\n\t\t\t\t\t<\/div>\n\n\t\n\n<style>\n#row-2054157765 > .col > .col-inner {\n  padding: 0px 30px 20px 30px;\n  border-radius: 20px;\n}\n<\/style>\n<\/div>\n\t\t<\/div>\n\n\t\t\n<style>\n#section_221717216 {\n  padding-top: 30px;\n  padding-bottom: 30px;\n}\n<\/style>\n\t<\/section>\n\t\n","protected":false},"excerpt":{"rendered":"","protected":false},"author":1,"featured_media":0,"parent":0,"menu_order":0,"comment_status":"closed","ping_status":"closed","template":"page-blank.php","meta":{"footnotes":""},"class_list":["post-1449","page","type-page","status-publish","hentry"],"_links":{"self":[{"href":"https:\/\/kadriyekilickesmez.com\/de\/wp-json\/wp\/v2\/pages\/1449","targetHints":{"allow":["GET"]}}],"collection":[{"href":"https:\/\/kadriyekilickesmez.com\/de\/wp-json\/wp\/v2\/pages"}],"about":[{"href":"https:\/\/kadriyekilickesmez.com\/de\/wp-json\/wp\/v2\/types\/page"}],"author":[{"embeddable":true,"href":"https:\/\/kadriyekilickesmez.com\/de\/wp-json\/wp\/v2\/users\/1"}],"replies":[{"embeddable":true,"href":"https:\/\/kadriyekilickesmez.com\/de\/wp-json\/wp\/v2\/comments?post=1449"}],"version-history":[{"count":2,"href":"https:\/\/kadriyekilickesmez.com\/de\/wp-json\/wp\/v2\/pages\/1449\/revisions"}],"predecessor-version":[{"id":1451,"href":"https:\/\/kadriyekilickesmez.com\/de\/wp-json\/wp\/v2\/pages\/1449\/revisions\/1451"}],"wp:attachment":[{"href":"https:\/\/kadriyekilickesmez.com\/de\/wp-json\/wp\/v2\/media?parent=1449"}],"curies":[{"name":"wp","href":"https:\/\/api.w.org\/{rel}","templated":true}]}}